{"id":164,"date":"2019-01-17T22:31:38","date_gmt":"2019-01-17T22:31:38","guid":{"rendered":"http:\/\/icami.mx\/landing\/?page_id=164"},"modified":"2025-01-09T13:39:06","modified_gmt":"2025-01-09T19:39:06","slug":"region-norte-psl","status":"publish","type":"page","link":"https:\/\/icami.mx\/landing\/region-norte-psl\/","title":{"rendered":"Regi\u00f3n Norte PSL"},"content":{"rendered":"\n<div class=\"wp-block-zd-container  container landing-banner\" style=\"background-color:#19afe1;background-image:url(https:\/\/icami.mx\/landing\/wp-content\/uploads\/2024\/11\/PSL-LAND.png);background-position:right center;background-size:contain;background-repeat:no-repeat\">\nPower Skills Leader\u00ae<br \/>\nRegi\u00f3n Norte &#8211; Aperturas 2025\n\n\n\n\n<\/div>\n\n\n\n<div class=\"wp-block-zd-columns row align-items-center\">\n<div class=\"wp-block-zd-column col-lg\">\n<div class=\"region-info\">\n<p class=\"font-18\">Logra que tus jefes colaboren en la obtenci\u00f3n de resultados.<\/p>\n\n<p>ICAMI te ayudar\u00e1 a formar a tus jefes en las <strong>competencias t\u00e1cticas<\/strong> imprescindibles para:<\/p>\n\n<ul>\n\t<li><strong>Realizar \u00e1gilmente sus proyectos<\/strong> aprovechando de la mejor manera los recursos que se le asignen.<\/li>\n\t<li><strong>Planificar, organizar y dar seguimiento a sus equipos de trabajo<\/strong>  ejerciendo un liderazgo acorde a su posici\u00f3n.<\/li>\n\t<li>Lograr una <strong>comunicaci\u00f3n multidireccional<\/strong>  para transmitir adecuadamente la  informaci\u00f3n en el ecosistema de la organizaci\u00f3n.<\/li>\n\t<li><strong>Desarrollar las cualidades para dar y recibir un oportuno feedback<\/strong>  en pro del logro de los objetivos.<\/li>\n<\/ul>\n<\/div>\n<\/div>\n\n\n\n<div class=\"wp-block-zd-column col-lg\">\n<h3 class=\"wp-block-heading\">Obt\u00e9n m\u00e1s informaci\u00f3n<\/h3>\n\n\n<div class=\"wrapper-zdform wrapper-zdform-21\"><form id=\"form-21\" class=\"zdform zdform-21 ajax-form validate-form\" data-form-id=\"21\" action=\"\/landing\/wp-json\/wp\/v2\/pages\/164#form-21\" method=\"post\" enctype=\"multipart\/form-data\"><input type=\"hidden\" name=\"nonce\" value=\"bbba84389f\" \/><input type=\"hidden\" name=\"id\" value=\"21\" \/><!-- Go Info Post --><input type=\"hidden\" name=\"post_id\" value=\"164\" \/><input type=\"hidden\" name=\"post_name\" value=\"Regi\u00f3n Norte PSL\" \/><input type=\"hidden\" name=\"post_url\" value=\"https:\/\/icami.mx\/landing\/region-norte-psl\/\" \/><!-- End Info Post -->\r\n\r\n<div class=\"form-row\">\r\n<div class=\"form-group col-lg-6\"><input type=\"text\" name=\"full_name\" class=\"form-control\" value=\"\"  placeholder=\"Nombre Completo *\" required \/><\/div>\r\n<div class=\"form-group col-lg-6\"><input type=\"email\" name=\"email\" class=\"form-control\" value=\"\"  placeholder=\"Correo Electr\u00f3nico *\" required \/><\/div>\r\n<\/div>\r\n\r\n<div class=\"form-row\">\r\n<div class=\"form-group col-lg-6\"><input type=\"text\" name=\"phone\" class=\"form-control\" value=\"\"  placeholder=\"Tel\u00e9fono *\" required \/><\/div>\r\n<div class=\"form-group col-lg-6\"><input type=\"text\" name=\"company\" class=\"form-control\" value=\"\"  placeholder=\"Empresa\" \/><\/div>\r\n<\/div>\r\n\r\n<div class=\"form-row\">\r\n<div class=\"form-group col-lg-6\"><label for=\"program\" class=\"col-form-label form-label-title\">Programa de Inter\u00e9s <span class=\"required\">*<\/span><\/label><input type=\"text\" name=\"program\" class=\"form-control\" value=\"\"  placeholder=\"Seleccionar C\u00edrculo *\" readonly=\"readonly\" required \/><\/div>\r\n<div class=\"form-group col-lg-6\"><label for=\"how_did_you_know\" class=\"col-form-label form-label-title\">\u00bfC\u00f3mo se enter\u00f3 de ICAMI?<\/label><select name=\"how_did_you_know\"  class=\"custom-select form-control\"><option value=\"Facebook\">Facebook<\/option><option value=\"Twitter\">Twitter<\/option><option value=\"Linkedin\">Linkedin<\/option><option value=\"Mailing\">Mailing<\/option><option value=\"Internet(buscadores Google, Yahoo, etc.)\">Internet(buscadores Google, Yahoo, etc.)<\/option><\/select><\/div>\r\n<\/div>\r\n\r\n<div class=\"form-row\">\r\n<div class=\"form-group col-lg-6 pl-3\"><div class=\"custom-control custom-checkbox\"><input type=\"checkbox\" name=\"default\" id=\"checkbox-default\" class=\"custom-control-input\" value=\"1\"  required\/><label class=\"custom-control-label\" for=\"checkbox-default\"><a href=\"http:\/\/icami.mx\/politica-de-privacidad\/\" target=\"_blank\">Acepto t\u00e9rminos de privacidad<\/a><\/label><\/div><label for=\"default\" class=\"error\"><\/label><\/div>\r\n<\/div>\r\n\r\n<div class=\"form-row\">\r\n<div class=\" col-lg-4 submit-wrapper\"><button type=\"submit\" id=\"submit-21\" class=\"btn btn-primary btn-block mt-2 btn-submit\">Enviar<\/button><\/div>\r\n<\/div><\/form><div id=\"form-progress-message-21\" class=\"form-progress\"><\/div><\/div>\n<\/div>\n<\/div>\n\n\n\n<div class=\"owl-carousel owl-theme owl-ld mt-3 mb-0\">\n<div class=\"item\">\n    <h4>Monterrey<\/h4>\n    <ul class=\"list-program\">\n      <li data-toggle=\"tooltip\" data-placement=\"top\" title=\"Agregar a Formulario\" data-program=\"Monterrey PSL - 7\">\n        <h6>PSL &#8211; 7<\/h6>\n        <div class=\"item-circle\">\n          <div class=\"p-center-center\">\n            <div class=\"date-day\">10<\/div>\n            <div class=\"date-month\">Abril<\/div>\n          <\/div>\n        <\/div>\n      <\/li>\n    <\/ul>\n  <\/div>\n<div class=\"item\">\n    <h4>Chihuahua<\/h4>\n    <ul class=\"list-program\">\n      <li data-toggle=\"tooltip\" data-placement=\"top\" title=\"Agregar a Formulario\" data-program=\"Chihuahua PSL - 2\">\n        <h6>PSL &#8211; 2<\/h6>\n        <div class=\"item-circle\">\n          <div class=\"p-center-center\">\n            <div class=\"date-day\">20<\/div>\n            <div class=\"date-month\">Mayo<\/div>\n          <\/div>\n        <\/div>\n      <\/li>\n    <\/ul>\n  <\/div>\n<div class=\"item\">\n    <h4>Torre\u00f3n<\/h4>\n    <ul class=\"list-program\">\n      <li data-toggle=\"tooltip\" data-placement=\"top\" title=\"Agregar a Formulario\" data-program=\"Torre\u00f3n PSL - 3\">\n        <h6>PSL &#8211; 3<\/h6>\n        <div class=\"item-circle\">\n          <div class=\"p-center-center\">\n            <div class=\"date-day\">14<\/div>\n            <div class=\"date-month\">Agosto<\/div>\n          <\/div>\n        <\/div>\n      <\/li>\n    <\/ul>\n  <\/div>\n<\/div>","protected":false},"excerpt":{"rendered":"<p>Monterrey PSL &#8211; 7 10 Abril Chihuahua PSL &#8211; 2 20 Mayo Torre\u00f3n PSL &#8211; 3 14 Agosto<\/p>\n","protected":false},"author":1,"featured_media":0,"parent":0,"menu_order":0,"comment_status":"closed","ping_status":"closed","template":"","meta":{"_joinchat":{"telephone":"+528115888314","view":"yes"},"footnotes":""},"class_list":["post-164","page","type-page","status-publish","hentry"],"yoast_head":"<!-- This site is optimized with the Yoast SEO plugin v26.8 - https:\/\/yoast.com\/product\/yoast-seo-wordpress\/ -->\n<title>Regi\u00f3n Norte PSL - ICAMI<\/title>\n<meta name=\"robots\" content=\"index, follow, max-snippet:-1, max-image-preview:large, max-video-preview:-1\" \/>\n<link rel=\"canonical\" href=\"https:\/\/icami.mx\/landing\/region-norte-psl\/\" \/>\n<meta property=\"og:locale\" content=\"es_ES\" \/>\n<meta property=\"og:type\" content=\"article\" \/>\n<meta property=\"og:title\" content=\"Regi\u00f3n Norte PSL - ICAMI\" \/>\n<meta property=\"og:description\" content=\"Monterrey PSL &#8211; 7 10 Abril Chihuahua PSL &#8211; 2 20 Mayo Torre\u00f3n PSL &#8211; 3 14 Agosto\" \/>\n<meta property=\"og:url\" content=\"https:\/\/icami.mx\/landing\/region-norte-psl\/\" \/>\n<meta property=\"og:site_name\" content=\"ICAMI\" \/>\n<meta property=\"article:modified_time\" content=\"2025-01-09T19:39:06+00:00\" \/>\n<meta name=\"twitter:card\" content=\"summary_large_image\" \/>\n<meta name=\"twitter:label1\" content=\"Tiempo de lectura\" \/>\n\t<meta name=\"twitter:data1\" content=\"1 minuto\" \/>\n<script type=\"application\/ld+json\" class=\"yoast-schema-graph\">{\"@context\":\"https:\/\/schema.org\",\"@graph\":[{\"@type\":\"WebPage\",\"@id\":\"https:\/\/icami.mx\/landing\/region-norte-psl\/\",\"url\":\"https:\/\/icami.mx\/landing\/region-norte-psl\/\",\"name\":\"Regi\u00f3n Norte PSL - ICAMI\",\"isPartOf\":{\"@id\":\"https:\/\/icami.mx\/landing\/#website\"},\"datePublished\":\"2019-01-17T22:31:38+00:00\",\"dateModified\":\"2025-01-09T19:39:06+00:00\",\"breadcrumb\":{\"@id\":\"https:\/\/icami.mx\/landing\/region-norte-psl\/#breadcrumb\"},\"inLanguage\":\"es\",\"potentialAction\":[{\"@type\":\"ReadAction\",\"target\":[\"https:\/\/icami.mx\/landing\/region-norte-psl\/\"]}]},{\"@type\":\"BreadcrumbList\",\"@id\":\"https:\/\/icami.mx\/landing\/region-norte-psl\/#breadcrumb\",\"itemListElement\":[{\"@type\":\"ListItem\",\"position\":1,\"name\":\"Portada\",\"item\":\"https:\/\/icami.mx\/landing\/\"},{\"@type\":\"ListItem\",\"position\":2,\"name\":\"Regi\u00f3n Norte PSL\"}]},{\"@type\":\"WebSite\",\"@id\":\"https:\/\/icami.mx\/landing\/#website\",\"url\":\"https:\/\/icami.mx\/landing\/\",\"name\":\"ICAMI\",\"description\":\"Landings de Regiones\",\"potentialAction\":[{\"@type\":\"SearchAction\",\"target\":{\"@type\":\"EntryPoint\",\"urlTemplate\":\"https:\/\/icami.mx\/landing\/?s={search_term_string}\"},\"query-input\":{\"@type\":\"PropertyValueSpecification\",\"valueRequired\":true,\"valueName\":\"search_term_string\"}}],\"inLanguage\":\"es\"}]}<\/script>\n<!-- \/ Yoast SEO plugin. -->","yoast_head_json":{"title":"Regi\u00f3n Norte PSL - ICAMI","robots":{"index":"index","follow":"follow","max-snippet":"max-snippet:-1","max-image-preview":"max-image-preview:large","max-video-preview":"max-video-preview:-1"},"canonical":"https:\/\/icami.mx\/landing\/region-norte-psl\/","og_locale":"es_ES","og_type":"article","og_title":"Regi\u00f3n Norte PSL - ICAMI","og_description":"Monterrey PSL &#8211; 7 10 Abril Chihuahua PSL &#8211; 2 20 Mayo Torre\u00f3n PSL &#8211; 3 14 Agosto","og_url":"https:\/\/icami.mx\/landing\/region-norte-psl\/","og_site_name":"ICAMI","article_modified_time":"2025-01-09T19:39:06+00:00","twitter_card":"summary_large_image","twitter_misc":{"Tiempo de lectura":"1 minuto"},"schema":{"@context":"https:\/\/schema.org","@graph":[{"@type":"WebPage","@id":"https:\/\/icami.mx\/landing\/region-norte-psl\/","url":"https:\/\/icami.mx\/landing\/region-norte-psl\/","name":"Regi\u00f3n Norte PSL - ICAMI","isPartOf":{"@id":"https:\/\/icami.mx\/landing\/#website"},"datePublished":"2019-01-17T22:31:38+00:00","dateModified":"2025-01-09T19:39:06+00:00","breadcrumb":{"@id":"https:\/\/icami.mx\/landing\/region-norte-psl\/#breadcrumb"},"inLanguage":"es","potentialAction":[{"@type":"ReadAction","target":["https:\/\/icami.mx\/landing\/region-norte-psl\/"]}]},{"@type":"BreadcrumbList","@id":"https:\/\/icami.mx\/landing\/region-norte-psl\/#breadcrumb","itemListElement":[{"@type":"ListItem","position":1,"name":"Portada","item":"https:\/\/icami.mx\/landing\/"},{"@type":"ListItem","position":2,"name":"Regi\u00f3n Norte PSL"}]},{"@type":"WebSite","@id":"https:\/\/icami.mx\/landing\/#website","url":"https:\/\/icami.mx\/landing\/","name":"ICAMI","description":"Landings de Regiones","potentialAction":[{"@type":"SearchAction","target":{"@type":"EntryPoint","urlTemplate":"https:\/\/icami.mx\/landing\/?s={search_term_string}"},"query-input":{"@type":"PropertyValueSpecification","valueRequired":true,"valueName":"search_term_string"}}],"inLanguage":"es"}]}},"_links":{"self":[{"href":"https:\/\/icami.mx\/landing\/wp-json\/wp\/v2\/pages\/164","targetHints":{"allow":["GET"]}}],"collection":[{"href":"https:\/\/icami.mx\/landing\/wp-json\/wp\/v2\/pages"}],"about":[{"href":"https:\/\/icami.mx\/landing\/wp-json\/wp\/v2\/types\/page"}],"author":[{"embeddable":true,"href":"https:\/\/icami.mx\/landing\/wp-json\/wp\/v2\/users\/1"}],"replies":[{"embeddable":true,"href":"https:\/\/icami.mx\/landing\/wp-json\/wp\/v2\/comments?post=164"}],"version-history":[{"count":63,"href":"https:\/\/icami.mx\/landing\/wp-json\/wp\/v2\/pages\/164\/revisions"}],"predecessor-version":[{"id":3041,"href":"https:\/\/icami.mx\/landing\/wp-json\/wp\/v2\/pages\/164\/revisions\/3041"}],"wp:attachment":[{"href":"https:\/\/icami.mx\/landing\/wp-json\/wp\/v2\/media?parent=164"}],"curies":[{"name":"wp","href":"https:\/\/api.w.org\/{rel}","templated":true}]}}