{"id":183,"date":"2019-01-17T23:06:16","date_gmt":"2019-01-17T23:06:16","guid":{"rendered":"http:\/\/icami.mx\/landing\/?page_id=183"},"modified":"2025-01-09T13:05:21","modified_gmt":"2025-01-09T19:05:21","slug":"region-centro-psl","status":"publish","type":"page","link":"https:\/\/icami.mx\/landing\/region-centro-psl\/","title":{"rendered":"Regi\u00f3n Centro PSL"},"content":{"rendered":"\n<div class=\"wp-block-zd-container  container landing-banner\" style=\"background-color:#19afe1;background-image:url(https:\/\/icami.mx\/landing\/wp-content\/uploads\/2024\/11\/PSL-LAND.png);background-position:right center;background-size:contain;background-repeat:no-repeat\">\nPower Skills Leader\u00ae &#8211; PSL<br \/>\nRegi\u00f3n Centro &#8211; Aperturas 2025\n\n\n\n\n<\/div>\n\n\n\n<div class=\"wp-block-zd-columns row align-items-center\">\n<div class=\"wp-block-zd-column col-lg\">\n<div class=\"region-info\">\n<p class=\"font-18\">Logra que tus jefes colaboren en la obtenci\u00f3n de resultados.<\/p>\n\n<p>ICAMI te ayudar\u00e1 a formar a tus jefes en las <strong>competencias t\u00e1cticas<\/strong> imprescindibles para:<\/p>\n\n<ul>\n\t<li><strong>Realizar \u00e1gilmente sus proyectos<\/strong> aprovechando de la mejor manera los recursos que se le asignen.<\/li>\n\t<li><strong>Planificar, organizar y dar seguimiento a sus equipos de trabajo<\/strong>  ejerciendo un liderazgo acorde a su posici\u00f3n.<\/li>\n\t<li>Lograr una <strong>comunicaci\u00f3n multidireccional<\/strong>  para transmitir adecuadamente la  informaci\u00f3n en el ecosistema de la organizaci\u00f3n.<\/li>\n\t<li><strong>Desarrollar las cualidades para dar y recibir un oportuno feedback<\/strong>  en pro del logro de los objetivos.<\/li>\n<\/ul>\n\n<h4 class=\"mb-0 text-black\">Dudas y Aclaraciones<\/h4>\n<a class=\"display-6 text-black\" target=\"_blank\" href=\"https:\/\/wa.me\/5215570479494\" rel=\"noopener\"><img decoding=\"async\" src=\"https:\/\/icami.mx\/landing\/wp-content\/uploads\/2021\/08\/logo-whatsapp.png\" width=\"40\"\/> <strong>55 7047 9494<\/strong><\/a>\n<\/div>\n<\/div>\n\n\n\n<div class=\"wp-block-zd-column col-lg\">\n<h3 class=\"wp-block-heading\">Obten m\u00e1s informaci\u00f3n<\/h3>\n\n\n<div class=\"wrapper-zdform wrapper-zdform-168\"><form id=\"form-168\" class=\"zdform zdform-168 ajax-form validate-form\" data-form-id=\"168\" action=\"\/landing\/wp-json\/wp\/v2\/pages\/183#form-168\" method=\"post\" enctype=\"multipart\/form-data\"><input type=\"hidden\" name=\"nonce\" value=\"bbba84389f\" \/><input type=\"hidden\" name=\"id\" value=\"168\" \/><!-- Go Info Post --><input type=\"hidden\" name=\"post_id\" value=\"183\" \/><input type=\"hidden\" name=\"post_name\" value=\"Regi\u00f3n Centro PSL\" \/><input type=\"hidden\" name=\"post_url\" value=\"https:\/\/icami.mx\/landing\/region-centro-psl\/\" \/><!-- End Info Post -->\r\n\r\n<div class=\"form-group \"><input type=\"text\" name=\"full_name\" class=\"form-control\" value=\"\"  placeholder=\"Nombre Completo *\" required \/><\/div>\r\n<div class=\"form-group \"><input type=\"email\" name=\"email\" class=\"form-control\" value=\"\"  placeholder=\"Correo Electr\u00f3nico *\" required \/><\/div>\r\n\r\n<div class=\"form-row\">\r\n<div class=\"form-group col-lg-6\"><input type=\"text\" name=\"phone\" class=\"form-control\" value=\"\"  placeholder=\"Tel\u00e9fono *\" required \/><\/div>\r\n<div class=\"form-group col-lg-6\"><input type=\"text\" name=\"company\" class=\"form-control\" value=\"\"  placeholder=\"Empresa\" \/><\/div>\r\n<\/div>\r\n\r\n<div class=\"form-row\">\r\n<div class=\"form-group col-lg-6\"><label for=\"program\" class=\"col-form-label form-label-title\">Programa de Inter\u00e9s <span class=\"required\">*<\/span><\/label><input type=\"text\" name=\"program\" class=\"form-control\" value=\"\"  placeholder=\"Seleccionar C\u00edrculo *\" readonly=\"readonly\" required \/><\/div>\r\n<div class=\"form-group col-lg-6\"><label for=\"how_did_you_know\" class=\"col-form-label form-label-title\">\u00bfC\u00f3mo se enter\u00f3 de ICAMI?<\/label><select name=\"how_did_you_know\"  class=\"custom-select form-control\"><option value=\"Linkedin\">Linkedin<\/option><option value=\"Facebook\">Facebook<\/option><option value=\"Twitter\">Twitter<\/option><option value=\"Mailing\">Mailing<\/option><option value=\"Internet(buscadores Google, Yahoo, etc.)\">Internet(buscadores Google, Yahoo, etc.)<\/option><\/select><\/div>\r\n<\/div>\r\n\r\n<div class=\"form-row\">\r\n<div class=\"form-group col-lg-6 pl-3\"><div class=\"custom-control custom-checkbox\"><input type=\"checkbox\" name=\"default\" id=\"checkbox-default\" class=\"custom-control-input\" value=\"1\"  required\/><label class=\"custom-control-label\" for=\"checkbox-default\"><a href=\"http:\/\/icami.mx\/politica-de-privacidad\/\" target=\"_blank\">Acepto t\u00e9rminos de privacidad<\/a><\/label><\/div><label for=\"default\" class=\"error\"><\/label><\/div>\r\n<div class=\"form-group col-lg-6 pl-3\"><div class=\"custom-control custom-checkbox\"><input type=\"checkbox\" name=\"contact_whatsapp\" id=\"checkbox-contact_whatsapp\" class=\"custom-control-input\" value=\"1\"\/><label class=\"custom-control-label\" for=\"checkbox-contact_whatsapp\">\u00bfContactarme por Whatsapp?<\/label><\/div><label for=\"contact_whatsapp\" class=\"error\"><\/label><\/div>\r\n<\/div>\r\n\r\n<div class=\"form-row\">\r\n<div class=\" col-lg-4 submit-wrapper\"><button type=\"submit\" id=\"submit-168\" class=\"btn btn-primary btn-block mt-2 btn-submit\">Enviar<\/button><\/div>\r\n<\/div><\/form><div id=\"form-progress-message-168\" class=\"form-progress\"><\/div><\/div>\n<\/div>\n<\/div>\n\n\n\n<div class=\"owl-carousel owl-theme owl-ld mt-3 mb-0\">\n<div class=\"item\">\n    <h4>CDMX<\/h4>\n    <ul class=\"list-program\">\n      <li data-toggle=\"tooltip\" data-placement=\"top\" title=\"Agregar a Formulario\" data-program=\"CDMX PSL 7 \">\n        <h6>PSL 7<\/h6>\n        <div class=\"item-circle\">\n          <div class=\"p-center-center\">\n            <div class=\"date-day\">4<\/div>\n            <div class=\"date-month\">Marzo<\/div>\n          <\/div>\n        <\/div>\n      <\/li>\n    <\/ul>\n  <\/div>\n<div class=\"item\">\n    <h4>M\u00e9rida<\/h4>\n    <ul class=\"list-program\">\n      <li data-toggle=\"tooltip\" data-placement=\"top\" title=\"Agregar a Formulario\" data-program=\"M\u00e9rida PSL 3 \">\n        <h6>PSL 3<\/h6>\n        <div class=\"item-circle\">\n          <div class=\"p-center-center\">\n            <div class=\"date-day\">6<\/div>\n            <div class=\"date-month\">Mayo<\/div>\n          <\/div>\n        <\/div>\n      <\/li>\n    <\/ul>\n  <\/div>\n<div class=\"item\">\n    <h4>Quer\u00e9taro<\/h4>\n    <ul class=\"list-program\">\n      <li data-toggle=\"tooltip\" data-placement=\"top\" title=\"Agregar a Formulario\" data-program=\"Quer\u00e9taro PSL 3 \">\n        <h6>PSL 3<\/h6>\n        <div class=\"item-circle\">\n          <div class=\"p-center-center\">\n            <div class=\"date-day\">31<\/div>\n            <div class=\"date-month\">Julio<\/div>\n          <\/div>\n        <\/div>\n      <\/li>\n    <\/ul>\n  <\/div>\n<\/div>","protected":false},"excerpt":{"rendered":"<p>CDMX PSL 7 4 Marzo M\u00e9rida PSL 3 6 Mayo Quer\u00e9taro PSL 3 31 Julio<\/p>\n","protected":false},"author":1,"featured_media":0,"parent":0,"menu_order":0,"comment_status":"closed","ping_status":"closed","template":"","meta":{"_joinchat":{"telephone":"+525570479494","view":"yes"},"footnotes":""},"class_list":["post-183","page","type-page","status-publish","hentry"],"yoast_head":"<!-- This site is optimized with the Yoast SEO plugin v26.8 - https:\/\/yoast.com\/product\/yoast-seo-wordpress\/ -->\n<title>Regi\u00f3n Centro PSL - ICAMI<\/title>\n<meta name=\"robots\" content=\"index, follow, max-snippet:-1, max-image-preview:large, max-video-preview:-1\" \/>\n<link rel=\"canonical\" href=\"https:\/\/icami.mx\/landing\/region-centro-psl\/\" \/>\n<meta property=\"og:locale\" content=\"es_ES\" \/>\n<meta property=\"og:type\" content=\"article\" \/>\n<meta property=\"og:title\" content=\"Regi\u00f3n Centro PSL - ICAMI\" \/>\n<meta property=\"og:description\" content=\"CDMX PSL 7 4 Marzo M\u00e9rida PSL 3 6 Mayo Quer\u00e9taro PSL 3 31 Julio\" \/>\n<meta property=\"og:url\" content=\"https:\/\/icami.mx\/landing\/region-centro-psl\/\" \/>\n<meta property=\"og:site_name\" content=\"ICAMI\" \/>\n<meta property=\"article:modified_time\" content=\"2025-01-09T19:05:21+00:00\" \/>\n<meta property=\"og:image\" content=\"https:\/\/icami.mx\/landing\/wp-content\/uploads\/2021\/08\/logo-whatsapp.png\" \/>\n<meta name=\"twitter:card\" content=\"summary_large_image\" \/>\n<meta name=\"twitter:label1\" content=\"Tiempo de lectura\" \/>\n\t<meta name=\"twitter:data1\" content=\"1 minuto\" \/>\n<script type=\"application\/ld+json\" class=\"yoast-schema-graph\">{\"@context\":\"https:\/\/schema.org\",\"@graph\":[{\"@type\":\"WebPage\",\"@id\":\"https:\/\/icami.mx\/landing\/region-centro-psl\/\",\"url\":\"https:\/\/icami.mx\/landing\/region-centro-psl\/\",\"name\":\"Regi\u00f3n Centro PSL - ICAMI\",\"isPartOf\":{\"@id\":\"https:\/\/icami.mx\/landing\/#website\"},\"primaryImageOfPage\":{\"@id\":\"https:\/\/icami.mx\/landing\/region-centro-psl\/#primaryimage\"},\"image\":{\"@id\":\"https:\/\/icami.mx\/landing\/region-centro-psl\/#primaryimage\"},\"thumbnailUrl\":\"https:\/\/icami.mx\/landing\/wp-content\/uploads\/2021\/08\/logo-whatsapp.png\",\"datePublished\":\"2019-01-17T23:06:16+00:00\",\"dateModified\":\"2025-01-09T19:05:21+00:00\",\"breadcrumb\":{\"@id\":\"https:\/\/icami.mx\/landing\/region-centro-psl\/#breadcrumb\"},\"inLanguage\":\"es\",\"potentialAction\":[{\"@type\":\"ReadAction\",\"target\":[\"https:\/\/icami.mx\/landing\/region-centro-psl\/\"]}]},{\"@type\":\"ImageObject\",\"inLanguage\":\"es\",\"@id\":\"https:\/\/icami.mx\/landing\/region-centro-psl\/#primaryimage\",\"url\":\"https:\/\/icami.mx\/landing\/wp-content\/uploads\/2021\/08\/logo-whatsapp.png\",\"contentUrl\":\"https:\/\/icami.mx\/landing\/wp-content\/uploads\/2021\/08\/logo-whatsapp.png\",\"width\":300,\"height\":300},{\"@type\":\"BreadcrumbList\",\"@id\":\"https:\/\/icami.mx\/landing\/region-centro-psl\/#breadcrumb\",\"itemListElement\":[{\"@type\":\"ListItem\",\"position\":1,\"name\":\"Portada\",\"item\":\"https:\/\/icami.mx\/landing\/\"},{\"@type\":\"ListItem\",\"position\":2,\"name\":\"Regi\u00f3n Centro PSL\"}]},{\"@type\":\"WebSite\",\"@id\":\"https:\/\/icami.mx\/landing\/#website\",\"url\":\"https:\/\/icami.mx\/landing\/\",\"name\":\"ICAMI\",\"description\":\"Landings de Regiones\",\"potentialAction\":[{\"@type\":\"SearchAction\",\"target\":{\"@type\":\"EntryPoint\",\"urlTemplate\":\"https:\/\/icami.mx\/landing\/?s={search_term_string}\"},\"query-input\":{\"@type\":\"PropertyValueSpecification\",\"valueRequired\":true,\"valueName\":\"search_term_string\"}}],\"inLanguage\":\"es\"}]}<\/script>\n<!-- \/ Yoast SEO plugin. -->","yoast_head_json":{"title":"Regi\u00f3n Centro PSL - ICAMI","robots":{"index":"index","follow":"follow","max-snippet":"max-snippet:-1","max-image-preview":"max-image-preview:large","max-video-preview":"max-video-preview:-1"},"canonical":"https:\/\/icami.mx\/landing\/region-centro-psl\/","og_locale":"es_ES","og_type":"article","og_title":"Regi\u00f3n Centro PSL - ICAMI","og_description":"CDMX PSL 7 4 Marzo M\u00e9rida PSL 3 6 Mayo Quer\u00e9taro PSL 3 31 Julio","og_url":"https:\/\/icami.mx\/landing\/region-centro-psl\/","og_site_name":"ICAMI","article_modified_time":"2025-01-09T19:05:21+00:00","og_image":[{"url":"https:\/\/icami.mx\/landing\/wp-content\/uploads\/2021\/08\/logo-whatsapp.png","type":"","width":"","height":""}],"twitter_card":"summary_large_image","twitter_misc":{"Tiempo de lectura":"1 minuto"},"schema":{"@context":"https:\/\/schema.org","@graph":[{"@type":"WebPage","@id":"https:\/\/icami.mx\/landing\/region-centro-psl\/","url":"https:\/\/icami.mx\/landing\/region-centro-psl\/","name":"Regi\u00f3n Centro PSL - ICAMI","isPartOf":{"@id":"https:\/\/icami.mx\/landing\/#website"},"primaryImageOfPage":{"@id":"https:\/\/icami.mx\/landing\/region-centro-psl\/#primaryimage"},"image":{"@id":"https:\/\/icami.mx\/landing\/region-centro-psl\/#primaryimage"},"thumbnailUrl":"https:\/\/icami.mx\/landing\/wp-content\/uploads\/2021\/08\/logo-whatsapp.png","datePublished":"2019-01-17T23:06:16+00:00","dateModified":"2025-01-09T19:05:21+00:00","breadcrumb":{"@id":"https:\/\/icami.mx\/landing\/region-centro-psl\/#breadcrumb"},"inLanguage":"es","potentialAction":[{"@type":"ReadAction","target":["https:\/\/icami.mx\/landing\/region-centro-psl\/"]}]},{"@type":"ImageObject","inLanguage":"es","@id":"https:\/\/icami.mx\/landing\/region-centro-psl\/#primaryimage","url":"https:\/\/icami.mx\/landing\/wp-content\/uploads\/2021\/08\/logo-whatsapp.png","contentUrl":"https:\/\/icami.mx\/landing\/wp-content\/uploads\/2021\/08\/logo-whatsapp.png","width":300,"height":300},{"@type":"BreadcrumbList","@id":"https:\/\/icami.mx\/landing\/region-centro-psl\/#breadcrumb","itemListElement":[{"@type":"ListItem","position":1,"name":"Portada","item":"https:\/\/icami.mx\/landing\/"},{"@type":"ListItem","position":2,"name":"Regi\u00f3n Centro PSL"}]},{"@type":"WebSite","@id":"https:\/\/icami.mx\/landing\/#website","url":"https:\/\/icami.mx\/landing\/","name":"ICAMI","description":"Landings de Regiones","potentialAction":[{"@type":"SearchAction","target":{"@type":"EntryPoint","urlTemplate":"https:\/\/icami.mx\/landing\/?s={search_term_string}"},"query-input":{"@type":"PropertyValueSpecification","valueRequired":true,"valueName":"search_term_string"}}],"inLanguage":"es"}]}},"_links":{"self":[{"href":"https:\/\/icami.mx\/landing\/wp-json\/wp\/v2\/pages\/183","targetHints":{"allow":["GET"]}}],"collection":[{"href":"https:\/\/icami.mx\/landing\/wp-json\/wp\/v2\/pages"}],"about":[{"href":"https:\/\/icami.mx\/landing\/wp-json\/wp\/v2\/types\/page"}],"author":[{"embeddable":true,"href":"https:\/\/icami.mx\/landing\/wp-json\/wp\/v2\/users\/1"}],"replies":[{"embeddable":true,"href":"https:\/\/icami.mx\/landing\/wp-json\/wp\/v2\/comments?post=183"}],"version-history":[{"count":95,"href":"https:\/\/icami.mx\/landing\/wp-json\/wp\/v2\/pages\/183\/revisions"}],"predecessor-version":[{"id":3014,"href":"https:\/\/icami.mx\/landing\/wp-json\/wp\/v2\/pages\/183\/revisions\/3014"}],"wp:attachment":[{"href":"https:\/\/icami.mx\/landing\/wp-json\/wp\/v2\/media?parent=183"}],"curies":[{"name":"wp","href":"https:\/\/api.w.org\/{rel}","templated":true}]}}