{"id":209,"date":"2019-01-17T23:16:27","date_gmt":"2019-01-17T23:16:27","guid":{"rendered":"http:\/\/icami.mx\/landing\/?page_id=209"},"modified":"2025-01-09T13:32:43","modified_gmt":"2025-01-09T19:32:43","slug":"region-noroeste-psm","status":"publish","type":"page","link":"https:\/\/icami.mx\/landing\/region-noroeste-psm\/","title":{"rendered":"Regi\u00f3n Noroeste PSM"},"content":{"rendered":"\n<div class=\"wp-block-zd-container  container landing-banner\" style=\"background-color:#cf2033;background-image:url(https:\/\/icami.mx\/landing\/wp-content\/uploads\/2024\/11\/PSM-LAND.png);background-position:right center;background-size:contain;background-repeat:no-repeat\">\nPower Skills Manager &#8211; PSM<br \/>\nRegi\u00f3n Noroeste &#8211; Aperturas 2025\n\n\n\n\n<\/div>\n\n\n\n<div class=\"wp-block-zd-columns row align-items-center\">\n<div class=\"wp-block-zd-column col-lg\">\n<div class=\"region-info\">\n  <p class=\"font-18\">Convierte a tus Gerentes en los mejores aliados para la implementaci\u00f3n de tu estrategia.<\/p>\n  <p>ICAMI ofrece un programa dirigido a Gerentes basado en competencias directivas para lograr una transformaci\u00f3n personal que les permita:<\/p>\n  <ul>\n    <li>Ejercer una <strong>comunicaci\u00f3n asertiva<\/strong> de los objetivos organizacionales.<\/li>\n    <li>Actuar con un <strong>liderazgo situacional<\/strong> que mejore la efectividad y eficiencia de sus equipos de trabajo.<\/li>\n    <li>Lograr una clara <strong>visi\u00f3n integral de la organizaci\u00f3n<\/strong> para tomar decisiones acertadas y rentables ligadas a la estrategia.<\/li>\n    <li>Desarrollar las cualidades para convertirse en un <strong>buen mentor<\/strong> de sus colaboradores.<\/li>\n  <\/ul>\n<\/div>\n<\/div>\n\n\n\n<div class=\"wp-block-zd-column col-lg\">\n<h3 class=\"wp-block-heading\">Obten m\u00e1s informaci\u00f3n<\/h3>\n\n\n<div class=\"wrapper-zdform wrapper-zdform-170\"><form id=\"form-170\" class=\"zdform zdform-170 ajax-form validate-form\" data-form-id=\"170\" action=\"\/landing\/wp-json\/wp\/v2\/pages\/209#form-170\" method=\"post\" enctype=\"multipart\/form-data\"><input type=\"hidden\" name=\"nonce\" value=\"fb94477f6b\" \/><input type=\"hidden\" name=\"id\" value=\"170\" \/><!-- Go Info Post --><input type=\"hidden\" name=\"post_id\" value=\"209\" \/><input type=\"hidden\" name=\"post_name\" value=\"Regi\u00f3n Noroeste PSM\" \/><input type=\"hidden\" name=\"post_url\" value=\"https:\/\/icami.mx\/landing\/region-noroeste-psm\/\" \/><!-- End Info Post -->\r\n\r\n<div class=\"form-group hola aqui\"><input type=\"text\" name=\"full_name\" class=\"form-control\" value=\"\"  placeholder=\"Nombre Completo *\" required \/><\/div>\r\n<div class=\"form-group \"><input type=\"email\" name=\"email\" class=\"form-control\" value=\"\"  placeholder=\"Correo Electr\u00f3nico *\" required \/><\/div>\r\n\r\n<div class=\"form-row\">\r\n<div class=\"form-group col-lg-6\"><input type=\"text\" name=\"phone\" class=\"form-control\" value=\"\"  placeholder=\"Tel\u00e9fono *\" required \/><\/div>\r\n<div class=\"form-group col-lg-6\"><input type=\"text\" name=\"company\" class=\"form-control\" value=\"\"  placeholder=\"Empresa\" \/><\/div>\r\n<\/div>\r\n\r\n<div class=\"form-row\">\r\n<div class=\"form-group col-lg-6\"><label for=\"program\" class=\"col-form-label form-label-title\">Programa de Inter\u00e9s <span class=\"required\">*<\/span><\/label><input type=\"text\" name=\"program\" class=\"form-control\" value=\"\"  placeholder=\"Seleccionar C\u00edrculo *\" readonly=\"readonly\" required \/><\/div>\r\n<div class=\"form-group col-lg-6\"><label for=\"how_did_you_know\" class=\"col-form-label form-label-title\">\u00bfC\u00f3mo se enter\u00f3 de ICAMI?<\/label><select name=\"how_did_you_know\"  class=\"custom-select form-control\"><option value=\"Facebook\">Facebook<\/option><option value=\"Twitter\">Twitter<\/option><option value=\"Linkedin\">Linkedin<\/option><option value=\"Mailing\">Mailing<\/option><option value=\"Internet(buscadores Google, Yahoo, etc.)\">Internet(buscadores Google, Yahoo, etc.)<\/option><\/select><\/div>\r\n<\/div>\r\n\r\n<div class=\"form-row\">\r\n<div class=\"form-group col-lg-6 pl-3\"><div class=\"custom-control custom-checkbox\"><input type=\"checkbox\" name=\"default\" id=\"checkbox-default\" class=\"custom-control-input\" value=\"1\"  required\/><label class=\"custom-control-label\" for=\"checkbox-default\"><a href=\"http:\/\/icami.mx\/politica-de-privacidad\/\" target=\"_blank\">Acepto t\u00e9rminos de privacidad<\/a><\/label><\/div><label for=\"default\" class=\"error\"><\/label><\/div>\r\n<\/div>\r\n\r\n<div class=\"form-row\">\r\n<div class=\" col-lg-4 submit-wrapper\"><button type=\"submit\" id=\"submit-170\" class=\"btn btn-primary btn-block mt-2 btn-submit\">Enviar<\/button><\/div>\r\n<\/div><\/form><div id=\"form-progress-message-170\" class=\"form-progress\"><\/div><\/div>\n<\/div>\n<\/div>\n\n\n\n<div class=\"owl-carousel owl-theme owl-pcg mt-3 mb-0\">\n<div class=\"item\">\n    <h4>Culiac\u00e1n<\/h4>\n    <ul class=\"list-program\">\n      <li data-toggle=\"tooltip\" data-placement=\"top\" title=\"Agregar a Formulario\" data-program=\"Culiac\u00e1n PSM - 5\">\n        <h6>PSM &#8211; 5<\/h6>\n        <div class=\"item-circle\">\n          <div class=\"p-center-center\">\n            <div class=\"date-day\">25<\/div>\n            <div class=\"date-month\">Marzo<\/div>\n          <\/div>\n        <\/div>\n      <\/li>\n    <\/ul>\n  <\/div>\n<div class=\"item\">\n    <h4>Tijuana<\/h4>\n    <ul class=\"list-program\">\n      <li data-toggle=\"tooltip\" data-placement=\"top\" title=\"Agregar a Formulario\" data-program=\"Tijuana PSM - 4\">\n        <h6>PSM &#8211; 4<\/h6>\n        <div class=\"item-circle\">\n          <div class=\"p-center-center\">\n            <div class=\"date-day\">29<\/div>\n            <div class=\"date-month\">Abril<\/div>\n          <\/div>\n        <\/div>\n      <\/li>\n    <\/ul>\n  <\/div>\n<div class=\"item\">\n    <h4>Ciudad Obreg\u00f3n<\/h4>\n    <ul class=\"list-program\">\n      <li data-toggle=\"tooltip\" data-placement=\"top\" title=\"Agregar a Formulario\" data-program=\"Ciudad Obreg\u00f3n - PSM 2\">\n        <h6>PSM &#8211; 2<\/h6>\n        <div class=\"item-circle\">\n          <div class=\"p-center-center\">\n            <div class=\"date-day\">7<\/div>\n            <div class=\"date-month\">Mayo<\/div>\n          <\/div>\n        <\/div>\n      <\/li>\n    <\/ul>\n  <\/div>\n<div class=\"item\">\n    <h4>Los Cabos<\/h4>\n    <ul class=\"list-program\">\n      <li data-toggle=\"tooltip\" data-placement=\"top\" title=\"Agregar a Formulario\" data-program=\"Los Cabos - PSM 3\">\n        <h6>PSM &#8211; 3<\/h6>\n        <div class=\"item-circle\">\n          <div class=\"p-center-center\">\n            <div class=\"date-day\">4<\/div>\n            <div class=\"date-month\">Junio<\/div>\n          <\/div>\n        <\/div>\n      <\/li>\n    <\/ul>\n  <\/div>\n<div class=\"item\">\n    <h4>Los Mochis<\/h4>\n    <ul class=\"list-program\">\n      <li data-toggle=\"tooltip\" data-placement=\"top\" title=\"Agregar a Formulario\" data-program=\"Los Mochis - PSM 3\">\n        <h6>PSM &#8211; 3<\/h6>\n        <div class=\"item-circle\">\n          <div class=\"p-center-center\">\n            <div class=\"date-day\">26<\/div>\n            <div class=\"date-month\">Junio<\/div>\n          <\/div>\n        <\/div>\n      <\/li>\n    <\/ul>\n  <\/div>\n\n\n\n\n<\/div>","protected":false},"excerpt":{"rendered":"<p>Culiac\u00e1n PSM &#8211; 5 25 Marzo Tijuana PSM &#8211; 4 29 Abril Ciudad Obreg\u00f3n PSM &#8211; 2 7 Mayo Los Cabos PSM &#8211; 3 4 Junio Los Mochis PSM &#8211; 3 26 Junio<\/p>\n","protected":false},"author":1,"featured_media":0,"parent":0,"menu_order":0,"comment_status":"closed","ping_status":"closed","template":"","meta":{"_joinchat":{"telephone":"+526673485050","view":"yes"},"footnotes":""},"class_list":["post-209","page","type-page","status-publish","hentry"],"yoast_head":"<!-- This site is optimized with the Yoast SEO plugin v26.8 - https:\/\/yoast.com\/product\/yoast-seo-wordpress\/ -->\n<title>Regi\u00f3n Noroeste PSM - ICAMI<\/title>\n<meta name=\"robots\" content=\"index, follow, max-snippet:-1, max-image-preview:large, max-video-preview:-1\" \/>\n<link rel=\"canonical\" href=\"https:\/\/icami.mx\/landing\/region-noroeste-psm\/\" \/>\n<meta property=\"og:locale\" content=\"es_ES\" \/>\n<meta property=\"og:type\" content=\"article\" \/>\n<meta property=\"og:title\" content=\"Regi\u00f3n Noroeste PSM - ICAMI\" \/>\n<meta property=\"og:description\" content=\"Culiac\u00e1n PSM &#8211; 5 25 Marzo Tijuana PSM &#8211; 4 29 Abril Ciudad Obreg\u00f3n PSM &#8211; 2 7 Mayo Los Cabos PSM &#8211; 3 4 Junio Los Mochis PSM &#8211; 3 26 Junio\" \/>\n<meta property=\"og:url\" content=\"https:\/\/icami.mx\/landing\/region-noroeste-psm\/\" \/>\n<meta property=\"og:site_name\" content=\"ICAMI\" \/>\n<meta property=\"article:modified_time\" content=\"2025-01-09T19:32:43+00:00\" \/>\n<meta name=\"twitter:card\" content=\"summary_large_image\" \/>\n<meta name=\"twitter:label1\" content=\"Tiempo de lectura\" \/>\n\t<meta name=\"twitter:data1\" content=\"1 minuto\" \/>\n<script type=\"application\/ld+json\" class=\"yoast-schema-graph\">{\"@context\":\"https:\/\/schema.org\",\"@graph\":[{\"@type\":\"WebPage\",\"@id\":\"https:\/\/icami.mx\/landing\/region-noroeste-psm\/\",\"url\":\"https:\/\/icami.mx\/landing\/region-noroeste-psm\/\",\"name\":\"Regi\u00f3n Noroeste PSM - ICAMI\",\"isPartOf\":{\"@id\":\"https:\/\/icami.mx\/landing\/#website\"},\"datePublished\":\"2019-01-17T23:16:27+00:00\",\"dateModified\":\"2025-01-09T19:32:43+00:00\",\"breadcrumb\":{\"@id\":\"https:\/\/icami.mx\/landing\/region-noroeste-psm\/#breadcrumb\"},\"inLanguage\":\"es\",\"potentialAction\":[{\"@type\":\"ReadAction\",\"target\":[\"https:\/\/icami.mx\/landing\/region-noroeste-psm\/\"]}]},{\"@type\":\"BreadcrumbList\",\"@id\":\"https:\/\/icami.mx\/landing\/region-noroeste-psm\/#breadcrumb\",\"itemListElement\":[{\"@type\":\"ListItem\",\"position\":1,\"name\":\"Portada\",\"item\":\"https:\/\/icami.mx\/landing\/\"},{\"@type\":\"ListItem\",\"position\":2,\"name\":\"Regi\u00f3n Noroeste PSM\"}]},{\"@type\":\"WebSite\",\"@id\":\"https:\/\/icami.mx\/landing\/#website\",\"url\":\"https:\/\/icami.mx\/landing\/\",\"name\":\"ICAMI\",\"description\":\"Landings de Regiones\",\"potentialAction\":[{\"@type\":\"SearchAction\",\"target\":{\"@type\":\"EntryPoint\",\"urlTemplate\":\"https:\/\/icami.mx\/landing\/?s={search_term_string}\"},\"query-input\":{\"@type\":\"PropertyValueSpecification\",\"valueRequired\":true,\"valueName\":\"search_term_string\"}}],\"inLanguage\":\"es\"}]}<\/script>\n<!-- \/ Yoast SEO plugin. -->","yoast_head_json":{"title":"Regi\u00f3n Noroeste PSM - ICAMI","robots":{"index":"index","follow":"follow","max-snippet":"max-snippet:-1","max-image-preview":"max-image-preview:large","max-video-preview":"max-video-preview:-1"},"canonical":"https:\/\/icami.mx\/landing\/region-noroeste-psm\/","og_locale":"es_ES","og_type":"article","og_title":"Regi\u00f3n Noroeste PSM - ICAMI","og_description":"Culiac\u00e1n PSM &#8211; 5 25 Marzo Tijuana PSM &#8211; 4 29 Abril Ciudad Obreg\u00f3n PSM &#8211; 2 7 Mayo Los Cabos PSM &#8211; 3 4 Junio Los Mochis PSM &#8211; 3 26 Junio","og_url":"https:\/\/icami.mx\/landing\/region-noroeste-psm\/","og_site_name":"ICAMI","article_modified_time":"2025-01-09T19:32:43+00:00","twitter_card":"summary_large_image","twitter_misc":{"Tiempo de lectura":"1 minuto"},"schema":{"@context":"https:\/\/schema.org","@graph":[{"@type":"WebPage","@id":"https:\/\/icami.mx\/landing\/region-noroeste-psm\/","url":"https:\/\/icami.mx\/landing\/region-noroeste-psm\/","name":"Regi\u00f3n Noroeste PSM - ICAMI","isPartOf":{"@id":"https:\/\/icami.mx\/landing\/#website"},"datePublished":"2019-01-17T23:16:27+00:00","dateModified":"2025-01-09T19:32:43+00:00","breadcrumb":{"@id":"https:\/\/icami.mx\/landing\/region-noroeste-psm\/#breadcrumb"},"inLanguage":"es","potentialAction":[{"@type":"ReadAction","target":["https:\/\/icami.mx\/landing\/region-noroeste-psm\/"]}]},{"@type":"BreadcrumbList","@id":"https:\/\/icami.mx\/landing\/region-noroeste-psm\/#breadcrumb","itemListElement":[{"@type":"ListItem","position":1,"name":"Portada","item":"https:\/\/icami.mx\/landing\/"},{"@type":"ListItem","position":2,"name":"Regi\u00f3n Noroeste PSM"}]},{"@type":"WebSite","@id":"https:\/\/icami.mx\/landing\/#website","url":"https:\/\/icami.mx\/landing\/","name":"ICAMI","description":"Landings de Regiones","potentialAction":[{"@type":"SearchAction","target":{"@type":"EntryPoint","urlTemplate":"https:\/\/icami.mx\/landing\/?s={search_term_string}"},"query-input":{"@type":"PropertyValueSpecification","valueRequired":true,"valueName":"search_term_string"}}],"inLanguage":"es"}]}},"_links":{"self":[{"href":"https:\/\/icami.mx\/landing\/wp-json\/wp\/v2\/pages\/209","targetHints":{"allow":["GET"]}}],"collection":[{"href":"https:\/\/icami.mx\/landing\/wp-json\/wp\/v2\/pages"}],"about":[{"href":"https:\/\/icami.mx\/landing\/wp-json\/wp\/v2\/types\/page"}],"author":[{"embeddable":true,"href":"https:\/\/icami.mx\/landing\/wp-json\/wp\/v2\/users\/1"}],"replies":[{"embeddable":true,"href":"https:\/\/icami.mx\/landing\/wp-json\/wp\/v2\/comments?post=209"}],"version-history":[{"count":109,"href":"https:\/\/icami.mx\/landing\/wp-json\/wp\/v2\/pages\/209\/revisions"}],"predecessor-version":[{"id":3033,"href":"https:\/\/icami.mx\/landing\/wp-json\/wp\/v2\/pages\/209\/revisions\/3033"}],"wp:attachment":[{"href":"https:\/\/icami.mx\/landing\/wp-json\/wp\/v2\/media?parent=209"}],"curies":[{"name":"wp","href":"https:\/\/api.w.org\/{rel}","templated":true}]}}