{"id":2775,"date":"2024-03-20T18:29:12","date_gmt":"2024-03-20T18:29:12","guid":{"rendered":"https:\/\/icami.mx\/landing\/?page_id=2775"},"modified":"2024-05-24T15:44:35","modified_gmt":"2024-05-24T21:44:35","slug":"egresados-icami","status":"publish","type":"page","link":"https:\/\/icami.mx\/landing\/egresados-icami\/","title":{"rendered":"EGRESADOS ICAMI"},"content":{"rendered":"\n<figure class=\"wp-block-image size-full\"><img loading=\"lazy\" decoding=\"async\" width=\"1120\" height=\"440\" src=\"https:\/\/icami.mx\/landing\/wp-content\/uploads\/2024\/03\/logrosicami.jpg\" alt=\"\" class=\"wp-image-2783\" srcset=\"https:\/\/icami.mx\/landing\/wp-content\/uploads\/2024\/03\/logrosicami.jpg 1120w, https:\/\/icami.mx\/landing\/wp-content\/uploads\/2024\/03\/logrosicami-300x118.jpg 300w, https:\/\/icami.mx\/landing\/wp-content\/uploads\/2024\/03\/logrosicami-1024x402.jpg 1024w, https:\/\/icami.mx\/landing\/wp-content\/uploads\/2024\/03\/logrosicami-768x302.jpg 768w, https:\/\/icami.mx\/landing\/wp-content\/uploads\/2024\/03\/logrosicami-560x220.jpg 560w, https:\/\/icami.mx\/landing\/wp-content\/uploads\/2024\/03\/logrosicami-992x390.jpg 992w\" sizes=\"auto, (max-width: 1120px) 100vw, 1120px\" \/><\/figure>\n\n\n\n<div class=\"wp-block-zd-columns row py-4 px-lg-4\">\n<div class=\"wp-block-zd-column col-lg\">\n<h3 class=\"wp-block-heading has-dark-color has-text-color\"><strong>Plat\u00edcanos tu experiencia<\/strong><\/h3>\n\n\n\n<p><strong>\u00bfEres Egresado de ICAMI?<\/strong> Te invitamos a compartir tu experiencia de \u00e9xito con nosotros.<\/p>\n\n\n\n<p><strong>\u00bfPor qu\u00e9 compartir tu experiencia?<\/strong><\/p>\n\n\n\n<ul class=\"wp-block-list\">\n<li>Tu historia puede inspirar a otros participantes a seguir sus sue\u00f1os y alcanzar sus metas.<\/li>\n\n\n\n<li>Puedes ofrecer consejos valiosos sobre c\u00f3mo elegir una carrera, superar desaf\u00edos y tener \u00e9xito en el mundo profesional.<\/li>\n\n\n\n<li>Puedes ayudar a fortalecer la conexi\u00f3n entre los Egresados y la comunidad ICAMI.<\/li>\n<\/ul>\n\n\n\n<p><strong>\u00bfC\u00f3mo puedes compartir tu experiencia?<\/strong><\/p>\n\n\n\n<ul class=\"wp-block-list\">\n<li><strong>Escribe un texto, audio o video en el formulario.<\/strong>&nbsp;<br \/>Comparte tu historia personal, tus logros profesionales y los \u00e9xito que has logrado a partir de que terminaste tu programa.<\/li>\n<\/ul>\n\n\n\n<p><strong>\u00a1Tu experiencia es importante!<\/strong> Ay\u00fadanos a construir una comunidad ICAMI m\u00e1s fuerte y conectada.<\/p>\n\n\n\n\n\n\n\n<p><strong>\u00a1Esperamos saber de ti!<\/strong><\/p>\n\n\n\n\n\n\n<\/div>\n\n\n\n<div class=\"wp-block-zd-column col-lg custom-jet-form-message-landing\">\n<h3 class=\"wp-block-heading\">Comparte tu vivencia, en audio, texto o video.<\/h3>\n\n\n\n<p style=\"font-size:14px\">(<strong><mark style=\"background-color:rgba(0, 0, 0, 0);color:#ff0000\" class=\"has-inline-color\">*<\/mark><\/strong>) Campos Obligatorios<\/p>\n\n\n\n\n\n<p style=\"font-size:12px\">**Nota: el env\u00edo puede tardar un poco dependiendo del tama\u00f1o de archivo agregado.<\/p>\n<\/div>\n<\/div>\n\n\n\n\n","protected":false},"excerpt":{"rendered":"","protected":false},"author":1,"featured_media":0,"parent":0,"menu_order":0,"comment_status":"closed","ping_status":"closed","template":"","meta":{"_joinchat":[],"footnotes":""},"class_list":["post-2775","page","type-page","status-publish","hentry"],"yoast_head":"<!-- This site is optimized with the Yoast SEO plugin v26.8 - https:\/\/yoast.com\/product\/yoast-seo-wordpress\/ -->\n<title>EGRESADOS ICAMI - ICAMI<\/title>\n<meta name=\"robots\" content=\"index, follow, max-snippet:-1, max-image-preview:large, max-video-preview:-1\" \/>\n<link rel=\"canonical\" href=\"https:\/\/icami.mx\/landing\/egresados-icami\/\" \/>\n<meta property=\"og:locale\" content=\"es_ES\" \/>\n<meta property=\"og:type\" content=\"article\" \/>\n<meta property=\"og:title\" content=\"EGRESADOS ICAMI - ICAMI\" \/>\n<meta property=\"og:url\" content=\"https:\/\/icami.mx\/landing\/egresados-icami\/\" \/>\n<meta property=\"og:site_name\" content=\"ICAMI\" \/>\n<meta property=\"article:modified_time\" content=\"2024-05-24T21:44:35+00:00\" \/>\n<meta property=\"og:image\" content=\"https:\/\/icami.mx\/landing\/wp-content\/uploads\/2024\/03\/logrosicami.jpg\" \/>\n<meta name=\"twitter:card\" content=\"summary_large_image\" \/>\n<meta name=\"twitter:label1\" content=\"Tiempo de lectura\" \/>\n\t<meta name=\"twitter:data1\" content=\"1 minuto\" \/>\n<script type=\"application\/ld+json\" class=\"yoast-schema-graph\">{\"@context\":\"https:\/\/schema.org\",\"@graph\":[{\"@type\":\"WebPage\",\"@id\":\"https:\/\/icami.mx\/landing\/egresados-icami\/\",\"url\":\"https:\/\/icami.mx\/landing\/egresados-icami\/\",\"name\":\"EGRESADOS ICAMI - ICAMI\",\"isPartOf\":{\"@id\":\"https:\/\/icami.mx\/landing\/#website\"},\"primaryImageOfPage\":{\"@id\":\"https:\/\/icami.mx\/landing\/egresados-icami\/#primaryimage\"},\"image\":{\"@id\":\"https:\/\/icami.mx\/landing\/egresados-icami\/#primaryimage\"},\"thumbnailUrl\":\"https:\/\/icami.mx\/landing\/wp-content\/uploads\/2024\/03\/logrosicami.jpg\",\"datePublished\":\"2024-03-20T18:29:12+00:00\",\"dateModified\":\"2024-05-24T21:44:35+00:00\",\"breadcrumb\":{\"@id\":\"https:\/\/icami.mx\/landing\/egresados-icami\/#breadcrumb\"},\"inLanguage\":\"es\",\"potentialAction\":[{\"@type\":\"ReadAction\",\"target\":[\"https:\/\/icami.mx\/landing\/egresados-icami\/\"]}]},{\"@type\":\"ImageObject\",\"inLanguage\":\"es\",\"@id\":\"https:\/\/icami.mx\/landing\/egresados-icami\/#primaryimage\",\"url\":\"https:\/\/icami.mx\/landing\/wp-content\/uploads\/2024\/03\/logrosicami.jpg\",\"contentUrl\":\"https:\/\/icami.mx\/landing\/wp-content\/uploads\/2024\/03\/logrosicami.jpg\",\"width\":1120,\"height\":440},{\"@type\":\"BreadcrumbList\",\"@id\":\"https:\/\/icami.mx\/landing\/egresados-icami\/#breadcrumb\",\"itemListElement\":[{\"@type\":\"ListItem\",\"position\":1,\"name\":\"Portada\",\"item\":\"https:\/\/icami.mx\/landing\/\"},{\"@type\":\"ListItem\",\"position\":2,\"name\":\"EGRESADOS ICAMI\"}]},{\"@type\":\"WebSite\",\"@id\":\"https:\/\/icami.mx\/landing\/#website\",\"url\":\"https:\/\/icami.mx\/landing\/\",\"name\":\"ICAMI\",\"description\":\"Landings de Regiones\",\"potentialAction\":[{\"@type\":\"SearchAction\",\"target\":{\"@type\":\"EntryPoint\",\"urlTemplate\":\"https:\/\/icami.mx\/landing\/?s={search_term_string}\"},\"query-input\":{\"@type\":\"PropertyValueSpecification\",\"valueRequired\":true,\"valueName\":\"search_term_string\"}}],\"inLanguage\":\"es\"}]}<\/script>\n<!-- \/ Yoast SEO plugin. -->","yoast_head_json":{"title":"EGRESADOS ICAMI - ICAMI","robots":{"index":"index","follow":"follow","max-snippet":"max-snippet:-1","max-image-preview":"max-image-preview:large","max-video-preview":"max-video-preview:-1"},"canonical":"https:\/\/icami.mx\/landing\/egresados-icami\/","og_locale":"es_ES","og_type":"article","og_title":"EGRESADOS ICAMI - ICAMI","og_url":"https:\/\/icami.mx\/landing\/egresados-icami\/","og_site_name":"ICAMI","article_modified_time":"2024-05-24T21:44:35+00:00","og_image":[{"url":"https:\/\/icami.mx\/landing\/wp-content\/uploads\/2024\/03\/logrosicami.jpg","type":"","width":"","height":""}],"twitter_card":"summary_large_image","twitter_misc":{"Tiempo de lectura":"1 minuto"},"schema":{"@context":"https:\/\/schema.org","@graph":[{"@type":"WebPage","@id":"https:\/\/icami.mx\/landing\/egresados-icami\/","url":"https:\/\/icami.mx\/landing\/egresados-icami\/","name":"EGRESADOS ICAMI - ICAMI","isPartOf":{"@id":"https:\/\/icami.mx\/landing\/#website"},"primaryImageOfPage":{"@id":"https:\/\/icami.mx\/landing\/egresados-icami\/#primaryimage"},"image":{"@id":"https:\/\/icami.mx\/landing\/egresados-icami\/#primaryimage"},"thumbnailUrl":"https:\/\/icami.mx\/landing\/wp-content\/uploads\/2024\/03\/logrosicami.jpg","datePublished":"2024-03-20T18:29:12+00:00","dateModified":"2024-05-24T21:44:35+00:00","breadcrumb":{"@id":"https:\/\/icami.mx\/landing\/egresados-icami\/#breadcrumb"},"inLanguage":"es","potentialAction":[{"@type":"ReadAction","target":["https:\/\/icami.mx\/landing\/egresados-icami\/"]}]},{"@type":"ImageObject","inLanguage":"es","@id":"https:\/\/icami.mx\/landing\/egresados-icami\/#primaryimage","url":"https:\/\/icami.mx\/landing\/wp-content\/uploads\/2024\/03\/logrosicami.jpg","contentUrl":"https:\/\/icami.mx\/landing\/wp-content\/uploads\/2024\/03\/logrosicami.jpg","width":1120,"height":440},{"@type":"BreadcrumbList","@id":"https:\/\/icami.mx\/landing\/egresados-icami\/#breadcrumb","itemListElement":[{"@type":"ListItem","position":1,"name":"Portada","item":"https:\/\/icami.mx\/landing\/"},{"@type":"ListItem","position":2,"name":"EGRESADOS ICAMI"}]},{"@type":"WebSite","@id":"https:\/\/icami.mx\/landing\/#website","url":"https:\/\/icami.mx\/landing\/","name":"ICAMI","description":"Landings de Regiones","potentialAction":[{"@type":"SearchAction","target":{"@type":"EntryPoint","urlTemplate":"https:\/\/icami.mx\/landing\/?s={search_term_string}"},"query-input":{"@type":"PropertyValueSpecification","valueRequired":true,"valueName":"search_term_string"}}],"inLanguage":"es"}]}},"_links":{"self":[{"href":"https:\/\/icami.mx\/landing\/wp-json\/wp\/v2\/pages\/2775","targetHints":{"allow":["GET"]}}],"collection":[{"href":"https:\/\/icami.mx\/landing\/wp-json\/wp\/v2\/pages"}],"about":[{"href":"https:\/\/icami.mx\/landing\/wp-json\/wp\/v2\/types\/page"}],"author":[{"embeddable":true,"href":"https:\/\/icami.mx\/landing\/wp-json\/wp\/v2\/users\/1"}],"replies":[{"embeddable":true,"href":"https:\/\/icami.mx\/landing\/wp-json\/wp\/v2\/comments?post=2775"}],"version-history":[{"count":22,"href":"https:\/\/icami.mx\/landing\/wp-json\/wp\/v2\/pages\/2775\/revisions"}],"predecessor-version":[{"id":2882,"href":"https:\/\/icami.mx\/landing\/wp-json\/wp\/v2\/pages\/2775\/revisions\/2882"}],"wp:attachment":[{"href":"https:\/\/icami.mx\/landing\/wp-json\/wp\/v2\/media?parent=2775"}],"curies":[{"name":"wp","href":"https:\/\/api.w.org\/{rel}","templated":true}]}}