{"id":472,"date":"2019-07-26T13:28:34","date_gmt":"2019-07-26T13:28:34","guid":{"rendered":"https:\/\/icami.mx\/landing\/?page_id=472"},"modified":"2023-10-09T17:29:00","modified_gmt":"2023-10-09T17:29:00","slug":"pvc","status":"publish","type":"page","link":"https:\/\/icami.mx\/landing\/pvc\/","title":{"rendered":"PVC"},"content":{"rendered":"\n<div class=\"wp-block-zd-container  container\" style=\"background-color:#d8782c;background-image:url(https:\/\/icami.mx\/landing\/wp-content\/uploads\/2020\/04\/bg-pvc-min.jpg);background-position:right center;background-size:cover;background-repeat:no-repeat\">\n<div class=\"wp-block-zd-columns row\">\n<div class=\"wp-block-zd-column col-lg ml-auto\">\n<div class=\"wp-block-image my-3 mr-lg-4\"><figure class=\"alignright size-large\"><img loading=\"lazy\" decoding=\"async\" width=\"276\" height=\"272\" src=\"https:\/\/icami.mx\/landing\/wp-content\/uploads\/2020\/04\/pvc-text-min.png\" alt=\"\" class=\"wp-image-633\"\/><\/figure><\/div>\n<\/div>\n<\/div>\n<\/div>\n\n\n\n<div class=\"wp-block-zd-columns row align-items-center py-lg-2\">\n<div class=\"wp-block-zd-column col-lg\">\n<div class=\"region-info\">\n<h2>Cambio de \u00e9poca, mentalidad renovada<\/h2>\n<p>Actualmente la tendencia digital nos lleva a establecer estrategias y objetivos en todas las \u00e1reas de la empresa, principalmente el \u00e1rea Comercial. Se vuelve fundamental la adaptaci\u00f3n al cambio y la necesidad de reforzar las competencias para afrontar estos retos y generar formas novedosas de relacionarse con clientes y empresas. Adaptarse a esta nueva realidad no es tarea f\u00e1cil, requiere un compromiso con la formaci\u00f3n integral de la fuerza de ventas.<\/p>\n\n<h2>Beneficios del programa<\/h2>\n<p>En ICAMI perfeccionamos las competencias humanas y t\u00e9cnicas para la venta consultiva con el fin de realizar una negociaci\u00f3n comercial m\u00e1s cercana.<\/p>\n<p>De esta forma creamos experiencias \u00fanicas en la negociaci\u00f3n y en el cierre de ventas, para as\u00ed generar v\u00ednculos y relaciones comerciales duraderas.<\/p>\n\n<div class=\"info-pvc\">\n<h4 class=\"mb-0\">PR\u00d3XIMA APERTURA<\/h4>\n<h3 class=\"mb-0\">17 de noviembre 2023<\/h3>\n<h2 class=\"mb-0\">$22,500<\/h2>\n<small>CUPO LIMITADO<\/small>\n<\/div>\n<\/div>\n<\/div>\n\n\n\n<div class=\"wp-block-zd-column col-lg\">\n<h3 class=\"wp-block-heading\">Obten m\u00e1s informaci\u00f3n<\/h3>\n\n\n<div class=\"wrapper-zdform wrapper-zdform-485\"><form id=\"form-485\" class=\"zdform zdform-485 ajax-form validate-form\" data-form-id=\"485\" action=\"\/landing\/wp-json\/wp\/v2\/pages\/472#form-485\" method=\"post\" enctype=\"multipart\/form-data\"><input type=\"hidden\" name=\"nonce\" value=\"bbba84389f\" \/><input type=\"hidden\" name=\"id\" value=\"485\" \/><!-- Go Info Post --><input type=\"hidden\" name=\"post_id\" value=\"472\" \/><input type=\"hidden\" name=\"post_name\" value=\"PVC\" \/><input type=\"hidden\" name=\"post_url\" value=\"https:\/\/icami.mx\/landing\/pvc\/\" \/><!-- End Info Post -->\r\n\r\n<div class=\"form-group \"><input type=\"text\" name=\"full_name\" class=\"form-control\" value=\"\"  placeholder=\"Nombre Completo *\" required \/><\/div>\r\n<div class=\"form-group \"><input type=\"email\" name=\"email\" class=\"form-control\" value=\"\"  placeholder=\"Correo Electr\u00f3nico *\" required \/><\/div>\r\n\r\n<div class=\"form-row\">\r\n<div class=\"form-group col-lg-6\"><input type=\"text\" name=\"phone\" class=\"form-control\" value=\"\"  placeholder=\"Tel\u00e9fono *\" required \/><\/div>\r\n<div class=\"form-group col-lg-6\"><input type=\"text\" name=\"company\" class=\"form-control\" value=\"\"  placeholder=\"Empresa\" \/><\/div>\r\n<\/div>\r\n\r\n<div class=\"form-row\">\r\n<div class=\"form-group col-lg-6\"><label for=\"state\" class=\"col-form-label form-label-title\">Estado <span class=\"required\">*<\/span><\/label><select name=\"state\"  class=\"custom-select form-control\"  required><option value=\"Aguascalientes\">Aguascalientes<\/option><option value=\"Baja California\">Baja California<\/option><option value=\"Baja California Sur\">Baja California Sur<\/option><option value=\"Campeche\">Campeche<\/option><option value=\"Chiapas\">Chiapas<\/option><option value=\"Chihuahua\">Chihuahua<\/option><option value=\"Coahuila\">Coahuila<\/option><option value=\"Colima\">Colima<\/option><option value=\"Distrito Federal\">Distrito Federal<\/option><option value=\"Durango\">Durango<\/option><option value=\"Estado de M\u00e9xico\">Estado de M\u00e9xico<\/option><option value=\"Guanajuato\">Guanajuato<\/option><option value=\"Guerrero\">Guerrero<\/option><option value=\"Hidalgo\">Hidalgo<\/option><option value=\"Jalisco\">Jalisco<\/option><option value=\"Michoac\u00e1n\">Michoac\u00e1n<\/option><option value=\"Morelos\">Morelos<\/option><option value=\"Nayarit\">Nayarit<\/option><option value=\"Nuevo Le\u00f3n\">Nuevo Le\u00f3n<\/option><option value=\"Oaxaca\">Oaxaca<\/option><option value=\"Quer\u00e9taro\">Quer\u00e9taro<\/option><option value=\"Quintana Roo\">Quintana Roo<\/option><option value=\"San Luis Potos\u00ed\">San Luis Potos\u00ed<\/option><option value=\"Sinaloa\">Sinaloa<\/option><option value=\"Sonora\">Sonora<\/option><option value=\"Tabasco\">Tabasco<\/option><option value=\"Tamaulipas\">Tamaulipas<\/option><option value=\"Tlaxcala\">Tlaxcala<\/option><option value=\"Veracruz\">Veracruz<\/option><option value=\"Yucat\u00e1n\">Yucat\u00e1n<\/option><option value=\"Zacatecas\">Zacatecas<\/option><\/select><\/div>\r\n<div class=\"form-group col-lg-6\"><label for=\"how_did_you_know\" class=\"col-form-label form-label-title\">\u00bfC\u00f3mo se enter\u00f3 de ICAMI?<\/label><select name=\"how_did_you_know\"  class=\"custom-select form-control\"><option value=\"Facebook\">Facebook<\/option><option value=\"Twitter\">Twitter<\/option><option value=\"Linkedin\">Linkedin<\/option><option value=\"Mailing\">Mailing<\/option><option value=\"Internet(buscadores Google, Yahoo, etc.)\">Internet(buscadores Google, Yahoo, etc.)<\/option><\/select><\/div>\r\n<\/div>\r\n\r\n<div class=\"form-row\">\r\n<div class=\"form-group col-lg-6 pl-3\"><div class=\"custom-control custom-checkbox\"><input type=\"checkbox\" name=\"default\" id=\"checkbox-default\" class=\"custom-control-input\" value=\"1\"  required\/><label class=\"custom-control-label\" for=\"checkbox-default\"><a href=\"http:\/\/icami.mx\/politica-de-privacidad\/\" target=\"_blank\">Acepto t\u00e9rminos de privacidad<\/a><\/label><\/div><label for=\"default\" class=\"error\"><\/label><\/div>\r\n<div class=\"form-group col-lg-6 pl-3\"><div class=\"custom-control custom-checkbox\"><input type=\"checkbox\" name=\"contact_whatsapp\" id=\"checkbox-contact_whatsapp\" class=\"custom-control-input\" value=\"1\"\/><label class=\"custom-control-label\" for=\"checkbox-contact_whatsapp\">\u00bfContactarme por Whatsapp?<\/label><\/div><label for=\"contact_whatsapp\" class=\"error\"><\/label><\/div>\r\n<\/div>\r\n\r\n<div class=\"form-row\">\r\n<div class=\" col-lg-4 submit-wrapper\"><button type=\"submit\" id=\"submit-485\" class=\"btn btn-primary btn-block mt-2 btn-submit\">Enviar<\/button><\/div>\r\n<\/div><\/form><div id=\"form-progress-message-485\" class=\"form-progress\"><\/div><\/div>\n<\/div>\n<\/div>\n","protected":false},"excerpt":{"rendered":"","protected":false},"author":1,"featured_media":0,"parent":0,"menu_order":0,"comment_status":"closed","ping_status":"closed","template":"","meta":{"_joinchat":[],"footnotes":""},"class_list":["post-472","page","type-page","status-publish","hentry"],"yoast_head":"<!-- This site is optimized with the Yoast SEO plugin v26.8 - https:\/\/yoast.com\/product\/yoast-seo-wordpress\/ -->\n<title>PVC - ICAMI<\/title>\n<meta name=\"robots\" content=\"index, follow, max-snippet:-1, max-image-preview:large, max-video-preview:-1\" \/>\n<link rel=\"canonical\" href=\"https:\/\/icami.mx\/landing\/pvc\/\" \/>\n<meta property=\"og:locale\" content=\"es_ES\" \/>\n<meta property=\"og:type\" content=\"article\" \/>\n<meta property=\"og:title\" content=\"PVC - ICAMI\" \/>\n<meta property=\"og:url\" content=\"https:\/\/icami.mx\/landing\/pvc\/\" \/>\n<meta property=\"og:site_name\" content=\"ICAMI\" \/>\n<meta property=\"article:modified_time\" content=\"2023-10-09T17:29:00+00:00\" \/>\n<meta property=\"og:image\" content=\"https:\/\/icami.mx\/landing\/wp-content\/uploads\/2020\/04\/pvc-text-min.png\" \/>\n<meta name=\"twitter:card\" content=\"summary_large_image\" \/>\n<meta name=\"twitter:label1\" content=\"Tiempo de lectura\" \/>\n\t<meta name=\"twitter:data1\" content=\"1 minuto\" \/>\n<script type=\"application\/ld+json\" class=\"yoast-schema-graph\">{\"@context\":\"https:\/\/schema.org\",\"@graph\":[{\"@type\":\"WebPage\",\"@id\":\"https:\/\/icami.mx\/landing\/pvc\/\",\"url\":\"https:\/\/icami.mx\/landing\/pvc\/\",\"name\":\"PVC - ICAMI\",\"isPartOf\":{\"@id\":\"https:\/\/icami.mx\/landing\/#website\"},\"primaryImageOfPage\":{\"@id\":\"https:\/\/icami.mx\/landing\/pvc\/#primaryimage\"},\"image\":{\"@id\":\"https:\/\/icami.mx\/landing\/pvc\/#primaryimage\"},\"thumbnailUrl\":\"https:\/\/icami.mx\/landing\/wp-content\/uploads\/2020\/04\/pvc-text-min.png\",\"datePublished\":\"2019-07-26T13:28:34+00:00\",\"dateModified\":\"2023-10-09T17:29:00+00:00\",\"breadcrumb\":{\"@id\":\"https:\/\/icami.mx\/landing\/pvc\/#breadcrumb\"},\"inLanguage\":\"es\",\"potentialAction\":[{\"@type\":\"ReadAction\",\"target\":[\"https:\/\/icami.mx\/landing\/pvc\/\"]}]},{\"@type\":\"ImageObject\",\"inLanguage\":\"es\",\"@id\":\"https:\/\/icami.mx\/landing\/pvc\/#primaryimage\",\"url\":\"https:\/\/icami.mx\/landing\/wp-content\/uploads\/2020\/04\/pvc-text-min.png\",\"contentUrl\":\"https:\/\/icami.mx\/landing\/wp-content\/uploads\/2020\/04\/pvc-text-min.png\",\"width\":276,\"height\":272},{\"@type\":\"BreadcrumbList\",\"@id\":\"https:\/\/icami.mx\/landing\/pvc\/#breadcrumb\",\"itemListElement\":[{\"@type\":\"ListItem\",\"position\":1,\"name\":\"Portada\",\"item\":\"https:\/\/icami.mx\/landing\/\"},{\"@type\":\"ListItem\",\"position\":2,\"name\":\"PVC\"}]},{\"@type\":\"WebSite\",\"@id\":\"https:\/\/icami.mx\/landing\/#website\",\"url\":\"https:\/\/icami.mx\/landing\/\",\"name\":\"ICAMI\",\"description\":\"Landings de Regiones\",\"potentialAction\":[{\"@type\":\"SearchAction\",\"target\":{\"@type\":\"EntryPoint\",\"urlTemplate\":\"https:\/\/icami.mx\/landing\/?s={search_term_string}\"},\"query-input\":{\"@type\":\"PropertyValueSpecification\",\"valueRequired\":true,\"valueName\":\"search_term_string\"}}],\"inLanguage\":\"es\"}]}<\/script>\n<!-- \/ Yoast SEO plugin. -->","yoast_head_json":{"title":"PVC - ICAMI","robots":{"index":"index","follow":"follow","max-snippet":"max-snippet:-1","max-image-preview":"max-image-preview:large","max-video-preview":"max-video-preview:-1"},"canonical":"https:\/\/icami.mx\/landing\/pvc\/","og_locale":"es_ES","og_type":"article","og_title":"PVC - ICAMI","og_url":"https:\/\/icami.mx\/landing\/pvc\/","og_site_name":"ICAMI","article_modified_time":"2023-10-09T17:29:00+00:00","og_image":[{"url":"https:\/\/icami.mx\/landing\/wp-content\/uploads\/2020\/04\/pvc-text-min.png","type":"","width":"","height":""}],"twitter_card":"summary_large_image","twitter_misc":{"Tiempo de lectura":"1 minuto"},"schema":{"@context":"https:\/\/schema.org","@graph":[{"@type":"WebPage","@id":"https:\/\/icami.mx\/landing\/pvc\/","url":"https:\/\/icami.mx\/landing\/pvc\/","name":"PVC - ICAMI","isPartOf":{"@id":"https:\/\/icami.mx\/landing\/#website"},"primaryImageOfPage":{"@id":"https:\/\/icami.mx\/landing\/pvc\/#primaryimage"},"image":{"@id":"https:\/\/icami.mx\/landing\/pvc\/#primaryimage"},"thumbnailUrl":"https:\/\/icami.mx\/landing\/wp-content\/uploads\/2020\/04\/pvc-text-min.png","datePublished":"2019-07-26T13:28:34+00:00","dateModified":"2023-10-09T17:29:00+00:00","breadcrumb":{"@id":"https:\/\/icami.mx\/landing\/pvc\/#breadcrumb"},"inLanguage":"es","potentialAction":[{"@type":"ReadAction","target":["https:\/\/icami.mx\/landing\/pvc\/"]}]},{"@type":"ImageObject","inLanguage":"es","@id":"https:\/\/icami.mx\/landing\/pvc\/#primaryimage","url":"https:\/\/icami.mx\/landing\/wp-content\/uploads\/2020\/04\/pvc-text-min.png","contentUrl":"https:\/\/icami.mx\/landing\/wp-content\/uploads\/2020\/04\/pvc-text-min.png","width":276,"height":272},{"@type":"BreadcrumbList","@id":"https:\/\/icami.mx\/landing\/pvc\/#breadcrumb","itemListElement":[{"@type":"ListItem","position":1,"name":"Portada","item":"https:\/\/icami.mx\/landing\/"},{"@type":"ListItem","position":2,"name":"PVC"}]},{"@type":"WebSite","@id":"https:\/\/icami.mx\/landing\/#website","url":"https:\/\/icami.mx\/landing\/","name":"ICAMI","description":"Landings de Regiones","potentialAction":[{"@type":"SearchAction","target":{"@type":"EntryPoint","urlTemplate":"https:\/\/icami.mx\/landing\/?s={search_term_string}"},"query-input":{"@type":"PropertyValueSpecification","valueRequired":true,"valueName":"search_term_string"}}],"inLanguage":"es"}]}},"_links":{"self":[{"href":"https:\/\/icami.mx\/landing\/wp-json\/wp\/v2\/pages\/472","targetHints":{"allow":["GET"]}}],"collection":[{"href":"https:\/\/icami.mx\/landing\/wp-json\/wp\/v2\/pages"}],"about":[{"href":"https:\/\/icami.mx\/landing\/wp-json\/wp\/v2\/types\/page"}],"author":[{"embeddable":true,"href":"https:\/\/icami.mx\/landing\/wp-json\/wp\/v2\/users\/1"}],"replies":[{"embeddable":true,"href":"https:\/\/icami.mx\/landing\/wp-json\/wp\/v2\/comments?post=472"}],"version-history":[{"count":38,"href":"https:\/\/icami.mx\/landing\/wp-json\/wp\/v2\/pages\/472\/revisions"}],"predecessor-version":[{"id":2348,"href":"https:\/\/icami.mx\/landing\/wp-json\/wp\/v2\/pages\/472\/revisions\/2348"}],"wp:attachment":[{"href":"https:\/\/icami.mx\/landing\/wp-json\/wp\/v2\/media?parent=472"}],"curies":[{"name":"wp","href":"https:\/\/api.w.org\/{rel}","templated":true}]}}