{"id":860,"date":"2020-12-16T03:30:59","date_gmt":"2020-12-16T03:30:59","guid":{"rendered":"https:\/\/icami.mx\/landing\/?page_id=860"},"modified":"2025-07-16T13:05:08","modified_gmt":"2025-07-16T19:05:08","slug":"power-skills-leader-online","status":"publish","type":"page","link":"https:\/\/icami.mx\/landing\/power-skills-leader-online\/","title":{"rendered":"Power Skills Leader\u00ae Online"},"content":{"rendered":"\n<div class=\"wp-block-themepunch-revslider revslider\" data-modal=\"false\" data-slidertitle=\"PSL\" style=\"\">\n\t\t\t<!-- START PSL REVOLUTION SLIDER 6.5.9 --><p class=\"rs-p-wp-fix\"><\/p>\n\t\t\t<rs-module-wrap id=\"rev_slider_5_1_wrapper\" data-source=\"gallery\" style=\"visibility:hidden;background:transparent;padding:0;margin:0px auto;margin-top:0;margin-bottom:0;\">\n\t\t\t\t<rs-module id=\"rev_slider_5_1\" style=\"\" data-version=\"6.5.9\">\n\t\t\t\t\t<rs-slides>\n\t\t\t\t\t\t<rs-slide style=\"position: absolute;\" data-key=\"rs-22\" data-title=\"Slide\" data-in=\"o:0;\" data-out=\"a:false;\">\n\t\t\t\t\t\t\t<img decoding=\"async\" src=\"\/\/icami.mx\/landing\/wp-content\/plugins\/revslider\/public\/assets\/assets\/dummy.png\" alt=\"Slide\" title=\"Power Skills Leader\u00ae Online\" class=\"rev-slidebg tp-rs-img rs-lazyload\" data-lazyload=\"\/\/icami.mx\/landing\/wp-content\/plugins\/revslider\/public\/assets\/assets\/transparent.png\" data-no-retina\/>\n<!--\n\t\t\t\t\t\t\t--><rs-layer\n\t\t\t\t\t\t\t\tid=\"slider-5-slide-22-layer-1\" \n\t\t\t\t\t\t\t\tdata-type=\"image\"\n\t\t\t\t\t\t\t\tdata-rsp_ch=\"on\"\n\t\t\t\t\t\t\t\tdata-xy=\"x:c;y:c;\"\n\t\t\t\t\t\t\t\tdata-text=\"w:normal;\"\n\t\t\t\t\t\t\t\tdata-dim=\"w:1110px;h:436px;\"\n\t\t\t\t\t\t\t\tdata-frame_999=\"o:0;st:w;sR:8700;\"\n\t\t\t\t\t\t\t\tstyle=\"z-index:8;\"><img loading=\"lazy\" decoding=\"async\" src=\"\/\/icami.mx\/landing\/wp-content\/plugins\/revslider\/public\/assets\/assets\/dummy.png\" class=\"tp-rs-img rs-lazyload\" width=\"1110\" height=\"436\" data-lazyload=\"\/\/icami.mx\/landing\/wp-content\/uploads\/2023\/03\/PSL_01-min.png\" data-no-retina\/> \n\t\t\t\t\t\t\t<\/rs-layer><!--\n\n\t\t\t\t\t\t\t--><rs-layer\n\t\t\t\t\t\t\t\tid=\"slider-5-slide-22-layer-2\" \n\t\t\t\t\t\t\t\tdata-type=\"image\"\n\t\t\t\t\t\t\t\tdata-rsp_ch=\"on\"\n\t\t\t\t\t\t\t\tdata-xy=\"x:c;y:c;\"\n\t\t\t\t\t\t\t\tdata-text=\"w:normal;\"\n\t\t\t\t\t\t\t\tdata-dim=\"w:1110px;h:436px;\"\n\t\t\t\t\t\t\t\tdata-frame_0=\"rY:360deg;\"\n\t\t\t\t\t\t\t\tdata-frame_1=\"e:back.out;st:590;sp:1000;sR:590;\"\n\t\t\t\t\t\t\t\tdata-frame_999=\"o:0;st:w;sR:7410;\"\n\t\t\t\t\t\t\t\tstyle=\"z-index:9;\"><img loading=\"lazy\" decoding=\"async\" src=\"\/\/icami.mx\/landing\/wp-content\/plugins\/revslider\/public\/assets\/assets\/dummy.png\" class=\"tp-rs-img rs-lazyload\" width=\"1110\" height=\"436\" data-lazyload=\"\/\/icami.mx\/landing\/wp-content\/uploads\/2023\/03\/PSL_02-min.png\" data-no-retina\/> \n\t\t\t\t\t\t\t<\/rs-layer><!--\n\n\t\t\t\t\t\t\t--><rs-layer\n\t\t\t\t\t\t\t\tid=\"slider-5-slide-22-layer-3\" \n\t\t\t\t\t\t\t\tdata-type=\"image\"\n\t\t\t\t\t\t\t\tdata-rsp_ch=\"on\"\n\t\t\t\t\t\t\t\tdata-xy=\"x:c;y:c;\"\n\t\t\t\t\t\t\t\tdata-text=\"w:normal;\"\n\t\t\t\t\t\t\t\tdata-dim=\"w:1110px;h:436px;\"\n\t\t\t\t\t\t\t\tdata-frame_0=\"sX:2;sY:2;\"\n\t\t\t\t\t\t\t\tdata-frame_0_mask=\"u:t;\"\n\t\t\t\t\t\t\t\tdata-frame_1=\"e:power2.out;st:1600;sp:1000;sR:1600;\"\n\t\t\t\t\t\t\t\tdata-frame_1_mask=\"u:t;\"\n\t\t\t\t\t\t\t\tdata-frame_999=\"o:0;st:w;sR:6400;\"\n\t\t\t\t\t\t\t\tstyle=\"z-index:10;\"><img loading=\"lazy\" decoding=\"async\" src=\"\/\/icami.mx\/landing\/wp-content\/plugins\/revslider\/public\/assets\/assets\/dummy.png\" class=\"tp-rs-img rs-lazyload\" width=\"1110\" height=\"436\" data-lazyload=\"\/\/icami.mx\/landing\/wp-content\/uploads\/2023\/03\/PSL_03-min.png\" data-no-retina\/> \n\t\t\t\t\t\t\t<\/rs-layer><!--\n\n\t\t\t\t\t\t\t--><rs-layer\n\t\t\t\t\t\t\t\tid=\"slider-5-slide-22-layer-4\" \n\t\t\t\t\t\t\t\tdata-type=\"image\"\n\t\t\t\t\t\t\t\tdata-rsp_ch=\"on\"\n\t\t\t\t\t\t\t\tdata-xy=\"x:c;y:c;\"\n\t\t\t\t\t\t\t\tdata-text=\"w:normal;\"\n\t\t\t\t\t\t\t\tdata-dim=\"w:1110px;h:436px;\"\n\t\t\t\t\t\t\t\tdata-frame_1=\"e:power4.inOut;st:2590;sp:1500;sR:2590;\"\n\t\t\t\t\t\t\t\tdata-frame_999=\"o:0;st:w;sR:4910;\"\n\t\t\t\t\t\t\t\tstyle=\"z-index:11;\"><img loading=\"lazy\" decoding=\"async\" src=\"\/\/icami.mx\/landing\/wp-content\/plugins\/revslider\/public\/assets\/assets\/dummy.png\" class=\"tp-rs-img rs-lazyload\" width=\"1110\" height=\"436\" data-lazyload=\"\/\/icami.mx\/landing\/wp-content\/uploads\/2023\/03\/PSL_04-min.png\" data-no-retina\/> \n\t\t\t\t\t\t\t<\/rs-layer><!--\n-->\t\t\t\t\t\t<\/rs-slide>\n\t\t\t\t\t<\/rs-slides>\n\t\t\t\t<\/rs-module>\n\t\t\t\t<script type=\"text\/javascript\">\n\t\t\t\t\tsetREVStartSize({c: 'rev_slider_5_1',rl:[1240,1024,778,480],el:[436],gw:[1100],gh:[436],type:'standard',justify:'',layout:'fullwidth',mh:\"0\"});if (window.RS_MODULES!==undefined && window.RS_MODULES.modules!==undefined && window.RS_MODULES.modules[\"revslider51\"]!==undefined) {window.RS_MODULES.modules[\"revslider51\"].once = false;window.revapi5 = undefined;if (window.RS_MODULES.checkMinimal!==undefined) window.RS_MODULES.checkMinimal()}\n\t\t\t\t<\/script>\n\t\t\t<\/rs-module-wrap>\n\t\t\t<!-- END REVOLUTION SLIDER -->\n<\/div>\n\n\n\n<div class=\"wp-block-zd-columns row py-4 px-lg-4\">\n<div class=\"wp-block-zd-column col-lg\">\n<h3 class=\"wp-block-heading has-dark-color has-text-color\"><strong>Logra que tus jefes colaboren en la obtenci\u00f3n de resultados.<\/strong> <\/h3>\n\n\n\n<p><strong>INICIO DE PROGRAMA: 9 DE SEPTIEMBRE &#8211; FULL ONLINE<\/strong><\/p>\n\n\n\n<p>Renovamos las&nbsp;<strong><em>Skills&nbsp;<\/em><\/strong>para que los<strong>&nbsp;jefes y coordinadores&nbsp;<\/strong>puedan atender las necesidades presentes y futuras con una actitud \u00e1gil, adapt\u00e1ndose con m\u00e1s facilidad a los cambios, enfoc\u00e1ndose en realizar actividades que ofrezcan mayor valor y que ayuden a sus empresas al logro de los objetivos.<\/p>\n\n\n\n<ul class=\"wp-block-list ok\">\n<li>\u00c1gil y oportuna&nbsp;<strong>realizaci\u00f3n de proyectos<\/strong>.<\/li>\n\n\n\n<li><strong><\/strong><strong>Liderazgo Integral<\/strong>, planificando, organizando y dando seguimiento a sus equipos<\/li>\n\n\n\n<li><strong><\/strong><strong>Comunicaci\u00f3n multidireccional<\/strong>&nbsp;para una transmisi\u00f3n adecuada al ecosistema de la organizaci\u00f3n.<\/li>\n\n\n\n<li>Desarrollar las cualidades para&nbsp;<strong>dar y recibir un oportuno feedback<\/strong>&nbsp;en pro del logro de los objetivos.<\/li>\n<\/ul>\n\n\n\n<h4 class=\"mb-0 text-black\">Dudas y Aclaraciones<\/h4>\n<a class=\"display-6 text-black\" target=\"_blank\" href=\"https:\/\/wa.me\/5215570479494\" rel=\"noopener\"><img decoding=\"async\" src=\"https:\/\/icami.mx\/landing\/wp-content\/uploads\/2021\/08\/logo-whatsapp.png\" width=\"40\"\/> <strong>55 7047 9494<\/strong><\/a>\n<\/div>\n\n\n\n<div class=\"wp-block-zd-column col-lg\">\n<h3 class=\"wp-block-heading\">Obten m\u00e1s informaci\u00f3n<\/h3>\n\n\n<div class=\"wrapper-zdform wrapper-zdform-856\"><form id=\"form-856\" class=\"zdform zdform-856 ajax-form validate-form\" data-form-id=\"856\" action=\"\/landing\/wp-json\/wp\/v2\/pages\/860#form-856\" method=\"post\" enctype=\"multipart\/form-data\"><input type=\"hidden\" name=\"nonce\" value=\"1fb98cb812\" \/><input type=\"hidden\" name=\"id\" value=\"856\" \/><!-- Go Info Post --><input type=\"hidden\" name=\"post_id\" value=\"860\" \/><input type=\"hidden\" name=\"post_name\" value=\"Power Skills Leader\u00ae Online\" \/><input type=\"hidden\" name=\"post_url\" value=\"https:\/\/icami.mx\/landing\/power-skills-leader-online\/\" \/><!-- End Info Post -->\r\n\r\n<div class=\"form-group \"><input type=\"text\" name=\"full_name\" class=\"form-control\" value=\"\"  placeholder=\"Nombre Completo *\" required \/><\/div>\r\n\r\n<div class=\"form-row\">\r\n<div class=\"form-group col-lg-6\"><select name=\"state\"  class=\"custom-select form-control\"  placeholder=\"Estado *\" required><option value=\"Aguascalientes\">Aguascalientes<\/option><option value=\"Baja California\">Baja California<\/option><option value=\"Baja California Sur\">Baja California Sur<\/option><option value=\"Campeche\">Campeche<\/option><option value=\"Chiapas\">Chiapas<\/option><option value=\"Chihuahua\">Chihuahua<\/option><option value=\"Coahuila\">Coahuila<\/option><option value=\"Colima\">Colima<\/option><option value=\"Distrito Federal\">Distrito Federal<\/option><option value=\"Durango\">Durango<\/option><option value=\"Estado de M\u00e9xico\">Estado de M\u00e9xico<\/option><option value=\"Guanajuato\">Guanajuato<\/option><option value=\"Guerrero\">Guerrero<\/option><option value=\"Hidalgo\">Hidalgo<\/option><option value=\"Jalisco\">Jalisco<\/option><option value=\"Michoac\u00e1n\">Michoac\u00e1n<\/option><option value=\"Morelos\">Morelos<\/option><option value=\"Nayarit\">Nayarit<\/option><option value=\"Nuevo Le\u00f3n\">Nuevo Le\u00f3n<\/option><option value=\"Oaxaca\">Oaxaca<\/option><option value=\"Quer\u00e9taro\">Quer\u00e9taro<\/option><option value=\"Quintana Roo\">Quintana Roo<\/option><option value=\"San Luis Potos\u00ed\">San Luis Potos\u00ed<\/option><option value=\"Sinaloa\">Sinaloa<\/option><option value=\"Sonora\">Sonora<\/option><option value=\"Tabasco\">Tabasco<\/option><option value=\"Tamaulipas\">Tamaulipas<\/option><option value=\"Tlaxcala\">Tlaxcala<\/option><option value=\"Veracruz\">Veracruz<\/option><option value=\"Yucat\u00e1n\">Yucat\u00e1n<\/option><option value=\"Zacatecas\">Zacatecas<\/option><\/select><\/div>\r\n<div class=\"form-group col-lg-6\"><input type=\"email\" name=\"email\" class=\"form-control\" value=\"\"  placeholder=\"Correo Electr\u00f3nico *\" required \/><\/div>\r\n<\/div>\r\n\r\n<div class=\"form-row\">\r\n<div class=\"form-group col-lg-6\"><input type=\"text\" name=\"phone\" class=\"form-control\" value=\"\"  placeholder=\"Tel\u00e9fono *\" required \/><\/div>\r\n<div class=\"form-group col-lg-6\"><input type=\"text\" name=\"cellphone\" class=\"form-control\" value=\"\"  placeholder=\"Celular\" \/><\/div>\r\n<\/div>\r\n\r\n<div class=\"form-row\">\r\n<div class=\"form-group col-lg-6\"><input type=\"text\" name=\"company\" class=\"form-control\" value=\"\"  placeholder=\"Empresa\" \/><\/div>\r\n<div class=\"form-group col-lg-6\"><input type=\"text\" name=\"position\" class=\"form-control\" value=\"\"  placeholder=\"Cargo\" \/><\/div>\r\n<\/div>\r\n\r\n<div class=\"form-row\">\r\n<div class=\"form-group col-lg-12\"><label for=\"how_did_you_know\" class=\"col-form-label form-label-title\">\u00bfC\u00f3mo se enter\u00f3 de ICAMI?<\/label><select name=\"how_did_you_know\"  class=\"custom-select form-control\"><option value=\"Facebook\">Facebook<\/option><option value=\"Twitter\">Twitter<\/option><option value=\"Linkedin\">Linkedin<\/option><option value=\"Mailing\">Mailing<\/option><option value=\"Internet(buscadores Google, Yahoo, etc.)\">Internet(buscadores Google, Yahoo, etc.)<\/option><\/select><\/div>\r\n<\/div>\r\n\r\n<div class=\"form-row\">\r\n<div class=\"form-group col-lg-6 pl-3\"><div class=\"custom-control custom-checkbox\"><input type=\"checkbox\" name=\"00N01000000X1aq\" id=\"checkbox-00N01000000X1aq\" class=\"custom-control-input\" value=\"1\"  required\/><label class=\"custom-control-label\" for=\"checkbox-00N01000000X1aq\"><a href=\"http:\/\/icami.mx\/politica-de-privacidad\/\" target=\"_blank\">Acepto t\u00e9rminos de privacidad<\/a><\/label><\/div><label for=\"00N01000000X1aq\" class=\"error\"><\/label><\/div>\r\n<\/div>\r\n\r\n<div class=\"form-row\">\r\n<div class=\" col-lg-4 submit-wrapper\"><button type=\"submit\" id=\"submit-856\" class=\"btn btn-primary btn-block mt-2 btn-submit\">Enviar<\/button><\/div>\r\n<\/div><\/form><div id=\"form-progress-message-856\" class=\"form-progress\"><\/div><\/div>\n\n\n\n\n<\/div>\n<\/div>\n","protected":false},"excerpt":{"rendered":"","protected":false},"author":1,"featured_media":0,"parent":0,"menu_order":0,"comment_status":"closed","ping_status":"closed","template":"","meta":{"_joinchat":[],"footnotes":""},"class_list":["post-860","page","type-page","status-publish","hentry"],"yoast_head":"<!-- This site is optimized with the Yoast SEO plugin v26.8 - https:\/\/yoast.com\/product\/yoast-seo-wordpress\/ -->\n<title>Power Skills Leader\u00ae Online - ICAMI<\/title>\n<meta name=\"robots\" content=\"index, follow, max-snippet:-1, max-image-preview:large, max-video-preview:-1\" \/>\n<link rel=\"canonical\" href=\"https:\/\/icami.mx\/landing\/power-skills-leader-online\/\" \/>\n<meta property=\"og:locale\" content=\"es_ES\" \/>\n<meta property=\"og:type\" content=\"article\" \/>\n<meta property=\"og:title\" content=\"Power Skills Leader\u00ae Online - ICAMI\" \/>\n<meta property=\"og:url\" content=\"https:\/\/icami.mx\/landing\/power-skills-leader-online\/\" \/>\n<meta property=\"og:site_name\" content=\"ICAMI\" \/>\n<meta property=\"article:modified_time\" content=\"2025-07-16T19:05:08+00:00\" \/>\n<meta property=\"og:image\" content=\"https:\/\/icami.mx\/landing\/wp-content\/uploads\/2021\/08\/logo-whatsapp.png\" \/>\n<meta name=\"twitter:card\" content=\"summary_large_image\" \/>\n<meta name=\"twitter:label1\" content=\"Tiempo de lectura\" \/>\n\t<meta name=\"twitter:data1\" content=\"1 minuto\" \/>\n<script type=\"application\/ld+json\" class=\"yoast-schema-graph\">{\"@context\":\"https:\/\/schema.org\",\"@graph\":[{\"@type\":\"WebPage\",\"@id\":\"https:\/\/icami.mx\/landing\/power-skills-leader-online\/\",\"url\":\"https:\/\/icami.mx\/landing\/power-skills-leader-online\/\",\"name\":\"Power Skills Leader\u00ae Online - ICAMI\",\"isPartOf\":{\"@id\":\"https:\/\/icami.mx\/landing\/#website\"},\"primaryImageOfPage\":{\"@id\":\"https:\/\/icami.mx\/landing\/power-skills-leader-online\/#primaryimage\"},\"image\":{\"@id\":\"https:\/\/icami.mx\/landing\/power-skills-leader-online\/#primaryimage\"},\"thumbnailUrl\":\"https:\/\/icami.mx\/landing\/wp-content\/uploads\/2021\/08\/logo-whatsapp.png\",\"datePublished\":\"2020-12-16T03:30:59+00:00\",\"dateModified\":\"2025-07-16T19:05:08+00:00\",\"breadcrumb\":{\"@id\":\"https:\/\/icami.mx\/landing\/power-skills-leader-online\/#breadcrumb\"},\"inLanguage\":\"es\",\"potentialAction\":[{\"@type\":\"ReadAction\",\"target\":[\"https:\/\/icami.mx\/landing\/power-skills-leader-online\/\"]}]},{\"@type\":\"ImageObject\",\"inLanguage\":\"es\",\"@id\":\"https:\/\/icami.mx\/landing\/power-skills-leader-online\/#primaryimage\",\"url\":\"https:\/\/icami.mx\/landing\/wp-content\/uploads\/2021\/08\/logo-whatsapp.png\",\"contentUrl\":\"https:\/\/icami.mx\/landing\/wp-content\/uploads\/2021\/08\/logo-whatsapp.png\",\"width\":300,\"height\":300},{\"@type\":\"BreadcrumbList\",\"@id\":\"https:\/\/icami.mx\/landing\/power-skills-leader-online\/#breadcrumb\",\"itemListElement\":[{\"@type\":\"ListItem\",\"position\":1,\"name\":\"Portada\",\"item\":\"https:\/\/icami.mx\/landing\/\"},{\"@type\":\"ListItem\",\"position\":2,\"name\":\"Power Skills Leader\u00ae Online\"}]},{\"@type\":\"WebSite\",\"@id\":\"https:\/\/icami.mx\/landing\/#website\",\"url\":\"https:\/\/icami.mx\/landing\/\",\"name\":\"ICAMI\",\"description\":\"Landings de Regiones\",\"potentialAction\":[{\"@type\":\"SearchAction\",\"target\":{\"@type\":\"EntryPoint\",\"urlTemplate\":\"https:\/\/icami.mx\/landing\/?s={search_term_string}\"},\"query-input\":{\"@type\":\"PropertyValueSpecification\",\"valueRequired\":true,\"valueName\":\"search_term_string\"}}],\"inLanguage\":\"es\"}]}<\/script>\n<!-- \/ Yoast SEO plugin. -->","yoast_head_json":{"title":"Power Skills Leader\u00ae Online - ICAMI","robots":{"index":"index","follow":"follow","max-snippet":"max-snippet:-1","max-image-preview":"max-image-preview:large","max-video-preview":"max-video-preview:-1"},"canonical":"https:\/\/icami.mx\/landing\/power-skills-leader-online\/","og_locale":"es_ES","og_type":"article","og_title":"Power Skills Leader\u00ae Online - ICAMI","og_url":"https:\/\/icami.mx\/landing\/power-skills-leader-online\/","og_site_name":"ICAMI","article_modified_time":"2025-07-16T19:05:08+00:00","og_image":[{"url":"https:\/\/icami.mx\/landing\/wp-content\/uploads\/2021\/08\/logo-whatsapp.png","type":"","width":"","height":""}],"twitter_card":"summary_large_image","twitter_misc":{"Tiempo de lectura":"1 minuto"},"schema":{"@context":"https:\/\/schema.org","@graph":[{"@type":"WebPage","@id":"https:\/\/icami.mx\/landing\/power-skills-leader-online\/","url":"https:\/\/icami.mx\/landing\/power-skills-leader-online\/","name":"Power Skills Leader\u00ae Online - ICAMI","isPartOf":{"@id":"https:\/\/icami.mx\/landing\/#website"},"primaryImageOfPage":{"@id":"https:\/\/icami.mx\/landing\/power-skills-leader-online\/#primaryimage"},"image":{"@id":"https:\/\/icami.mx\/landing\/power-skills-leader-online\/#primaryimage"},"thumbnailUrl":"https:\/\/icami.mx\/landing\/wp-content\/uploads\/2021\/08\/logo-whatsapp.png","datePublished":"2020-12-16T03:30:59+00:00","dateModified":"2025-07-16T19:05:08+00:00","breadcrumb":{"@id":"https:\/\/icami.mx\/landing\/power-skills-leader-online\/#breadcrumb"},"inLanguage":"es","potentialAction":[{"@type":"ReadAction","target":["https:\/\/icami.mx\/landing\/power-skills-leader-online\/"]}]},{"@type":"ImageObject","inLanguage":"es","@id":"https:\/\/icami.mx\/landing\/power-skills-leader-online\/#primaryimage","url":"https:\/\/icami.mx\/landing\/wp-content\/uploads\/2021\/08\/logo-whatsapp.png","contentUrl":"https:\/\/icami.mx\/landing\/wp-content\/uploads\/2021\/08\/logo-whatsapp.png","width":300,"height":300},{"@type":"BreadcrumbList","@id":"https:\/\/icami.mx\/landing\/power-skills-leader-online\/#breadcrumb","itemListElement":[{"@type":"ListItem","position":1,"name":"Portada","item":"https:\/\/icami.mx\/landing\/"},{"@type":"ListItem","position":2,"name":"Power Skills Leader\u00ae Online"}]},{"@type":"WebSite","@id":"https:\/\/icami.mx\/landing\/#website","url":"https:\/\/icami.mx\/landing\/","name":"ICAMI","description":"Landings de Regiones","potentialAction":[{"@type":"SearchAction","target":{"@type":"EntryPoint","urlTemplate":"https:\/\/icami.mx\/landing\/?s={search_term_string}"},"query-input":{"@type":"PropertyValueSpecification","valueRequired":true,"valueName":"search_term_string"}}],"inLanguage":"es"}]}},"_links":{"self":[{"href":"https:\/\/icami.mx\/landing\/wp-json\/wp\/v2\/pages\/860","targetHints":{"allow":["GET"]}}],"collection":[{"href":"https:\/\/icami.mx\/landing\/wp-json\/wp\/v2\/pages"}],"about":[{"href":"https:\/\/icami.mx\/landing\/wp-json\/wp\/v2\/types\/page"}],"author":[{"embeddable":true,"href":"https:\/\/icami.mx\/landing\/wp-json\/wp\/v2\/users\/1"}],"replies":[{"embeddable":true,"href":"https:\/\/icami.mx\/landing\/wp-json\/wp\/v2\/comments?post=860"}],"version-history":[{"count":25,"href":"https:\/\/icami.mx\/landing\/wp-json\/wp\/v2\/pages\/860\/revisions"}],"predecessor-version":[{"id":3117,"href":"https:\/\/icami.mx\/landing\/wp-json\/wp\/v2\/pages\/860\/revisions\/3117"}],"wp:attachment":[{"href":"https:\/\/icami.mx\/landing\/wp-json\/wp\/v2\/media?parent=860"}],"curies":[{"name":"wp","href":"https:\/\/api.w.org\/{rel}","templated":true}]}}